{"id":195,"date":"2023-10-05T09:58:08","date_gmt":"2023-10-05T07:58:08","guid":{"rendered":"https:\/\/blamark.com\/SOMSOL\/?page_id=195"},"modified":"2024-02-13T09:45:28","modified_gmt":"2024-02-13T08:45:28","slug":"quienes-somos","status":"publish","type":"page","link":"https:\/\/somsol.es\/es\/inicio\/quienes-somos\/","title":{"rendered":"\u00bfQuienes somos?"},"content":{"rendered":"\n<div class=\"wp-block-cover alignfull grande\" style=\"margin-top:0;padding-top:5vw;padding-right:5vw;padding-bottom:5vw;padding-left:5vw\"><span aria-hidden=\"true\" class=\"wp-block-cover__background has-ast-global-color-1-background-color has-background-dim-60 has-background-dim\"><\/span><video class=\"wp-block-cover__video-background intrinsic-ignore\" autoplay muted loop playsinline src=\"https:\/\/blamark.com\/SOMSOL\/wp-content\/uploads\/2024\/01\/pexels_videos_1851190-2160p-Compressed-with-FlexClip-1-1-Compressed-with-FlexClip.mp4\" data-object-fit=\"cover\"><\/video><div class=\"wp-block-cover__inner-container is-layout-flow wp-block-cover-is-layout-flow\">\n<div class=\"wp-block-group is-layout-flex wp-container-core-group-is-layout-e4aad5c3 wp-block-group-is-layout-flex\">\n<div class=\"wp-block-group wp-container-content-9cfa9a5a is-layout-flow wp-container-core-group-is-layout-d6743c7d wp-block-group-is-layout-flow\">\n<h2 class=\"wp-block-heading has-text-align-left has-text-color\" style=\"color:#fede05;font-size:148px\"><strong>Somsol<\/strong><\/h2>\n\n\n\n<h2 class=\"wp-block-heading has-text-align-left has-white-color has-text-color\" style=\"font-size:148px\"><strong>siempre a la vanguardia.<\/strong><\/h2>\n\n\n\n<div style=\"height:50px\" aria-hidden=\"true\" class=\"wp-block-spacer\"><\/div>\n\n\n\n<p>Con m\u00e1s de 1000kWn instalados a lo largo y ancho de la comunidad aut\u00f3noma de Catalu\u00f1a y una puntuaci\u00f3n impecable de 5 estrellas en Google Somsol se erige como un referente en el sector fotovoltaico, siempre a la vanguardia y con un firme compromiso hacia la excelencia y la satisfacci\u00f3n del cliente.<\/p>\n<\/div>\n<\/div>\n<\/div><\/div>\n\n\n\n<div class=\"wp-block-cover alignfull videobloque\"><span aria-hidden=\"true\" class=\"wp-block-cover__background has-background-dim-100 has-background-dim has-background-gradient\" style=\"background:linear-gradient(135deg,rgb(249,178,51) 0%,rgb(0,150,64) 100%)\"><\/span><div class=\"wp-block-cover__inner-container is-layout-constrained wp-block-cover-is-layout-constrained\">\n<p class=\"has-text-align-center\" style=\"font-size:25px;font-style:normal;font-weight:600\">Somsol es una compa\u00f1\u00eda con una rica historia de m\u00e1s de 16 a\u00f1os en el mercado de las instalaciones fotovoltaicas. Nuestra experiencia comenz\u00f3 en el \u00e1mbito de las <strong>instalaciones fotovoltaicas aisladas<\/strong> y, con el tiempo y los avances tecnol\u00f3gicos, hemos evolucionado para ofrecer soluciones de autoconsumo fotovoltaico asequibles para el usuario medio.<\/p>\n<\/div><\/div>\n\n\n\n<div data-aos= \"fade-left\" data-aos-duration=\"400\" data-aos-delay=\"0\" data-aos-easing=\"ease\" data-aos-once=\"true\" class=\"wp-block-uagb-advanced-heading uagb-block-d6829ed0 degradado\"><h2 class=\"uagb-heading-text\"><strong>Comprometidos con la seguridad y calidad.<\/strong><\/h2><\/div>\n\n\n\n<div class=\"wp-block-media-text alignwide is-stacked-on-mobile\" style=\"margin-top:0;margin-right:0;margin-bottom:0;margin-left:0;padding-top:var(--wp--preset--spacing--60);padding-right:var(--wp--preset--spacing--60);padding-bottom:var(--wp--preset--spacing--60);padding-left:var(--wp--preset--spacing--60);grid-template-columns:24% auto\"><figure class=\"wp-block-media-text__media\"><img loading=\"lazy\" decoding=\"async\" width=\"1024\" height=\"512\" src=\"https:\/\/blamark.com\/SOMSOL\/wp-content\/uploads\/2024\/01\/huawei-logo-1024x512-1.jpg\" alt=\"\" class=\"wp-image-974 size-full\" srcset=\"https:\/\/somsol.es\/wp-content\/uploads\/2024\/01\/huawei-logo-1024x512-1.jpg 1024w, https:\/\/somsol.es\/wp-content\/uploads\/2024\/01\/huawei-logo-1024x512-1-300x150.jpg 300w, https:\/\/somsol.es\/wp-content\/uploads\/2024\/01\/huawei-logo-1024x512-1-768x384.jpg 768w\" sizes=\"auto, (max-width: 1024px) 100vw, 1024px\" \/><\/figure><div class=\"wp-block-media-text__content\">\n<p class=\"has-text-align-left has-medium-font-size\">En Somsol nos enorgullecemos de nuestra atenci\u00f3n al cliente de primer nivel, garantizando una atenci\u00f3n personalizada sin intermediarios rob\u00f3ticos ni centralitas que dilaten la espera. Cada proyecto que emprendemos es \u00fanico, y nos esforzamos por maximizar las especificaciones y deseos del cliente. <\/p>\n\n\n\n<p class=\"has-text-align-left has-medium-font-size\">Adem\u00e1s, somos reconocidos por nuestro compromiso con la seguridad y calidad, evidenciado por las elevadas certificaciones de seguridad que posee nuestro personal, una caracter\u00edstica que nos diferencia en el sector. Asimismo, somos colaboradores oficiales de marcas l\u00edderes como <strong>SunPower<\/strong> y <strong>Huawei<\/strong>, estando certificados por esta \u00faltima como instaladores oficiales.<\/p>\n<\/div><\/div>\n\n\n\n<div class=\"wp-block-cover alignfull has-parallax\"><span aria-hidden=\"true\" class=\"wp-block-cover__background has-ast-global-color-8-background-color has-background-dim\"><\/span><div role=\"img\" class=\"wp-block-cover__image-background wp-image-1159 has-parallax\" style=\"background-position:50% 50%;background-image:url(https:\/\/blamark.com\/SOMSOL\/wp-content\/uploads\/2024\/01\/imagenFONDO.webp)\"><\/div><div class=\"wp-block-cover__inner-container is-layout-constrained wp-block-cover-is-layout-constrained\">\n<p class=\"has-text-align-center has-large-font-size\">Despu\u00e9s de la instalaci\u00f3n, nuestro compromiso con el cliente contin\u00faa. Ofrecemos un <strong>seguimiento gratuito durante un mes<\/strong> para asegurar que todo funcione a la perfecci\u00f3n, y brindamos opciones de mantenimiento post-instalaci\u00f3n, junto con asesoramiento sobre las mejores compa\u00f1\u00edas energ\u00e9ticas del momento.<\/p>\n<\/div><\/div>\n\n\n\n<div class=\"wp-block-cover alignfull presupuesto has-ast-global-color-2-color has-text-color has-link-color wp-elements-cefe650f15b1d6b60622ee11e17591da\"><span aria-hidden=\"true\" class=\"wp-block-cover__background has-ast-global-color-6-background-color has-background-dim-100 has-background-dim\"><\/span><div class=\"wp-block-cover__inner-container is-layout-constrained wp-block-cover-is-layout-constrained\">\n<div class=\"wpcf7 no-js\" id=\"wpcf7-f74-o1\" lang=\"es-ES\" dir=\"ltr\" data-wpcf7-id=\"74\">\n<div class=\"screen-reader-response\"><p role=\"status\" aria-live=\"polite\" aria-atomic=\"true\"><\/p> <ul><\/ul><\/div>\n<form action=\"\/es\/wp-json\/wp\/v2\/pages\/195#wpcf7-f74-o1\" method=\"post\" class=\"wpcf7-form init cf7mls-no-scroll cf7mls-no-moving-animation\" aria-label=\"Formulario de contacto\" novalidate=\"novalidate\" data-status=\"init\">\n<fieldset class=\"hidden-fields-container\"><input type=\"hidden\" name=\"_wpcf7\" value=\"74\" \/><input type=\"hidden\" name=\"_wpcf7_version\" value=\"6.1.5\" \/><input type=\"hidden\" name=\"_wpcf7_locale\" value=\"es_ES\" \/><input type=\"hidden\" name=\"_wpcf7_unit_tag\" value=\"wpcf7-f74-o1\" \/><input type=\"hidden\" name=\"_wpcf7_container_post\" value=\"0\" \/><input type=\"hidden\" name=\"_wpcf7_posted_data_hash\" value=\"\" \/><input type=\"hidden\" name=\"_wpcf7_recaptcha_response\" value=\"\" \/>\n<\/fieldset>\n<div class=\"fieldset-cf7mls-wrapper\" data-transition-effects><fieldset class=\"fieldset-cf7mls cf7mls_current_fs\"><div class=\"uacf7-form-wrapper-container uacf7-form-74  \"><center><h2>\u00bfQu\u00e9 tipo de instalaci\u00f3n necesitas?<\/h2>\n\n<span class=\"tipo\"><span class=\"wpcf7-form-control-wrap\" data-name=\"checkbox-552\"><span class=\"wpcf7-form-control wpcf7-checkbox wpcf7-validates-as-required wpcf7-exclusive-checkbox\"><span class=\"wpcf7-list-item first\"><label><input type=\"checkbox\" name=\"checkbox-552\" value=\"Vivienda unifamiliar\" \/><span class=\"wpcf7-list-item-label\">Vivienda unifamiliar<\/span><\/label><\/span><span class=\"wpcf7-list-item\"><label><input type=\"checkbox\" name=\"checkbox-552\" value=\"Comunidad de propietarios o piso\" \/><span class=\"wpcf7-list-item-label\">Comunidad de propietarios o piso<\/span><\/label><\/span><span class=\"wpcf7-list-item last\"><label><input type=\"checkbox\" name=\"checkbox-552\" value=\"Industrial\" \/><span class=\"wpcf7-list-item-label\">Industrial<\/span><\/label><\/span><\/span><\/span><\/span><\/center>\n\n<div class=\"cf7mls-btns \"><button type=\"button\" class=\"cf7mls_next cf7mls_btn action-button\" name=\"cf7mls_next\" id=\"cf7mls-next-btn-cf7mls_step-1\" style=\" \">Siguiente<img decoding=\"async\" src=\"https:\/\/somsol.es\/wp-content\/plugins\/cf7-multi-step\/assets\/frontend\/img\/loader.svg\" alt=\"Step Loading\" data-lazy-src=\"https:\/\/somsol.es\/wp-content\/plugins\/cf7-multi-step\/assets\/frontend\/img\/loader.svg\" style=\"display: none;\" \/><\/button><\/div><p><\/p><\/fieldset><fieldset class=\"fieldset-cf7mls\"><center><h2>\u00bfEn qu\u00e9 servicio est\u00e1s interesado?<\/h2>\n\n<span class=\"interes\"><span class=\"wpcf7-form-control-wrap\" data-name=\"checkbox-581\"><span class=\"wpcf7-form-control wpcf7-checkbox\"><span class=\"wpcf7-list-item first\"><label><input type=\"checkbox\" name=\"checkbox-581[]\" value=\"Autoconsumo solar\" \/><span class=\"wpcf7-list-item-label\">Autoconsumo solar<\/span><\/label><\/span><span class=\"wpcf7-list-item\"><label><input type=\"checkbox\" name=\"checkbox-581[]\" value=\"Cargador coche el\u00e9ctrico\" \/><span class=\"wpcf7-list-item-label\">Cargador coche el\u00e9ctrico<\/span><\/label><\/span><span class=\"wpcf7-list-item\"><label><input type=\"checkbox\" name=\"checkbox-581[]\" value=\"Aerotermia\" \/><span class=\"wpcf7-list-item-label\">Aerotermia<\/span><\/label><\/span><span class=\"wpcf7-list-item last\"><label><input type=\"checkbox\" name=\"checkbox-581[]\" value=\"Dom\u00f3tica\" \/><span class=\"wpcf7-list-item-label\">Dom\u00f3tica<\/span><\/label><\/span><\/span><\/span><\/span><\/center><div class=\"cf7mls-btns \"><button type=\"button\" class=\"cf7mls_back action-button\" name=\"cf7mls_back\" id=\"cf7mls-back-btn-cf7mls_step-2\" style=\" \">Paso anterior<\/button><button type=\"button\" class=\"cf7mls_next cf7mls_btn action-button\" name=\"cf7mls_next\" id=\"cf7mls-next-btn-cf7mls_step-2\" style=\" \">Siguiente<img decoding=\"async\" src=\"https:\/\/somsol.es\/wp-content\/plugins\/cf7-multi-step\/assets\/frontend\/img\/loader.svg\" alt=\"Step Loading\" data-lazy-src=\"https:\/\/somsol.es\/wp-content\/plugins\/cf7-multi-step\/assets\/frontend\/img\/loader.svg\" style=\"display: none;\" \/><\/button><\/div><p><\/p><\/fieldset><fieldset class=\"fieldset-cf7mls\"><center><h2>\u00bfD\u00f3nde te gustar\u00eda realizar tu instalaci\u00f3n?<\/h2>\n<p>Para poder darte un presupuesto m\u00e1s detallado que nos indiques una localizaci\u00f3n...<\/p><\/center>\n\n      \n        <div class=\"wpcf7-form-control-wrap-main gmautocomplete-571\">\n\t\t\t<span class=\"wpcf7-form-control-wrap\" data-name=\"gmautocomplete-571\">\n    <div id=\"gmautocomplete-571_autocomplete_wrapper\"><\/div>\n    <input \n        size=\"40\" class=\"wpcf7-form-control wpcf7-gmautocomplete wpcf7-validates-as-required gmautocomplete\" aria-required=\"true\" aria-invalid=\"false\" placeholder=\"Enter a location\" type=\"text\" name=\"gmautocomplete-571\"        style=\"position:absolute;opacity:0;pointer-events:none;height:0;width:0;border:0;padding:0;\"\n        autocomplete=\"off\"\n    \/>\n    <\/span>\n\n\t\t\t\n\t\t\t\n\t\t\t\n\t\t\t\n\t\t\t\n\t\t\t\t\t<\/div>\n\n        <div class=\"cf7mls-btns \"><button type=\"button\" class=\"cf7mls_back action-button\" name=\"cf7mls_back\" id=\"cf7mls-back-btn-cf7mls_step-3\" style=\" \">Paso anterior<\/button><button type=\"button\" class=\"cf7mls_next cf7mls_btn action-button\" name=\"cf7mls_next\" id=\"cf7mls-next-btn-cf7mls_step-3\" style=\" \">Siguiente<img decoding=\"async\" src=\"https:\/\/somsol.es\/wp-content\/plugins\/cf7-multi-step\/assets\/frontend\/img\/loader.svg\" alt=\"Step Loading\" data-lazy-src=\"https:\/\/somsol.es\/wp-content\/plugins\/cf7-multi-step\/assets\/frontend\/img\/loader.svg\" style=\"display: none;\" \/><\/button><\/div><p><\/p><\/fieldset><fieldset class=\"fieldset-cf7mls\"><center><h2>Est\u00e1s a un paso de ahorrar hasta un 90% en tu factura de la luz<\/h2>\n<p style=\"margin:0px\">Necesitamos tus datos de contacto para poder calcular tu ahorro y finalizar tu estudio personalizado GRATIS.<\/p><\/center>\n\nDinos tu nombre\n<span class=\"wpcf7-form-control-wrap\" data-name=\"nombre\"><input size=\"40\" maxlength=\"400\" class=\"wpcf7-form-control wpcf7-text wpcf7-validates-as-required\" aria-required=\"true\" aria-invalid=\"false\" value=\"\" type=\"text\" name=\"nombre\" \/><\/span>\n\nTel\u00e9fono de contacto\n<span class=\"wpcf7-form-control-wrap\" data-name=\"telefono\"><input size=\"40\" maxlength=\"400\" class=\"wpcf7-form-control wpcf7-tel wpcf7-validates-as-required wpcf7-text wpcf7-validates-as-tel\" aria-required=\"true\" aria-invalid=\"false\" value=\"\" type=\"tel\" name=\"telefono\" \/><\/span>\n\nCorreo electr\u00f3nico\n<span class=\"wpcf7-form-control-wrap\" data-name=\"correo\"><input size=\"40\" maxlength=\"400\" class=\"wpcf7-form-control wpcf7-email wpcf7-validates-as-required wpcf7-text wpcf7-validates-as-email\" aria-required=\"true\" aria-invalid=\"false\" value=\"\" type=\"email\" name=\"correo\" \/><\/span>\n\n<span class=\"wpcf7-form-control-wrap\" data-name=\"politicas\"><span class=\"wpcf7-form-control wpcf7-acceptance\"><span class=\"wpcf7-list-item\"><label><input type=\"checkbox\" name=\"politicas\" value=\"1\" aria-invalid=\"false\" \/><span class=\"wpcf7-list-item-label\">He le\u00eddo y acepto la pol\u00edtica de privacidad<\/span><\/label><\/span><\/span><\/span>\n<span class=\"wpcf7-form-control-wrap\" data-name=\"marketing\"><span class=\"wpcf7-form-control wpcf7-acceptance\"><span class=\"wpcf7-list-item\"><label><input type=\"checkbox\" name=\"marketing\" value=\"1\" aria-invalid=\"false\" \/><span class=\"wpcf7-list-item-label\">Deseo recibir informaci\u00f3n sobre otros productos y servicios comercializados por Somsol<\/span><\/label><\/span><\/span><\/span>\n\n<input class=\"wpcf7-form-control wpcf7-submit has-spinner\" type=\"submit\" value=\"Enviar\" \/><div class=\"cf7mls-btns cf7mls-btns-last-step\"><button type=\"button\" class=\"cf7mls_back action-button\" name=\"cf7mls_back\" id=\"cf7mls-back-btn-cf7mls_step-4\" style=\" \">Paso anterior<\/button><button type=\"button\" style=\"display: none;\" class=\"cf7mls_next cf7mls_btn action-button\" name=\"cf7mls_next\" id=\"cf7mls-next-btn-cf7mls_step-4\" style=\" \"><img decoding=\"async\" src=\"https:\/\/somsol.es\/wp-content\/plugins\/cf7-multi-step\/assets\/frontend\/img\/loader.svg\" alt=\"Step Loading\" data-lazy-src=\"https:\/\/somsol.es\/wp-content\/plugins\/cf7-multi-step\/assets\/frontend\/img\/loader.svg\" style=\"display: none;\" \/><\/button><\/div><\/fieldset><\/div><div class=\"wpcf7-response-output\" aria-hidden=\"true\"><\/div>\n<\/form>\n<\/div>\n\n<\/div><\/div>\n","protected":false},"excerpt":{"rendered":"<p>Comprometidos con la seguridad y calidad. En Somsol nos enorgullecemos de nuestra atenci\u00f3n al cliente de primer nivel, garantizando una atenci\u00f3n personalizada sin intermediarios rob\u00f3ticos ni centralitas que dilaten la espera. Cada proyecto que emprendemos es \u00fanico, y nos esforzamos por maximizar las especificaciones y deseos del cliente. Adem\u00e1s, somos reconocidos por nuestro compromiso con [&hellip;]<\/p>\n","protected":false},"author":1,"featured_media":0,"parent":7,"menu_order":0,"comment_status":"closed","ping_status":"closed","template":"","meta":{"_eb_attr":"","_uag_custom_page_level_css":"","site-sidebar-layout":"default","site-content-layout":"","ast-site-content-layout":"","site-content-style":"default","site-sidebar-style":"default","ast-global-header-display":"","ast-banner-title-visibility":"","ast-main-header-display":"","ast-hfb-above-header-display":"","ast-hfb-below-header-display":"","ast-hfb-mobile-header-display":"","site-post-title":"","ast-breadcrumbs-content":"","ast-featured-img":"","footer-sml-layout":"","theme-transparent-header-meta":"","adv-header-id-meta":"","stick-header-meta":"","header-above-stick-meta":"","header-main-stick-meta":"","header-below-stick-meta":"","astra-migrate-meta-layouts":"default","ast-page-background-enabled":"default","ast-page-background-meta":{"desktop":{"background-color":"var(--ast-global-color-4)","background-image":"","background-repeat":"repeat","background-position":"center center","background-size":"auto","background-attachment":"scroll","background-type":"","background-media":"","overlay-type":"","overlay-color":"","overlay-opacity":"","overlay-gradient":""},"tablet":{"background-color":"","background-image":"","background-repeat":"repeat","background-position":"center center","background-size":"auto","background-attachment":"scroll","background-type":"","background-media":"","overlay-type":"","overlay-color":"","overlay-opacity":"","overlay-gradient":""},"mobile":{"background-color":"","background-image":"","background-repeat":"repeat","background-position":"center center","background-size":"auto","background-attachment":"scroll","background-type":"","background-media":"","overlay-type":"","overlay-color":"","overlay-opacity":"","overlay-gradient":""}},"ast-content-background-meta":{"desktop":{"background-color":"var(--ast-global-color-5)","background-image":"","background-repeat":"repeat","background-position":"center center","background-size":"auto","background-attachment":"scroll","background-type":"","background-media":"","overlay-type":"","overlay-color":"","overlay-opacity":"","overlay-gradient":""},"tablet":{"background-color":"var(--ast-global-color-5)","background-image":"","background-repeat":"repeat","background-position":"center center","background-size":"auto","background-attachment":"scroll","background-type":"","background-media":"","overlay-type":"","overlay-color":"","overlay-opacity":"","overlay-gradient":""},"mobile":{"background-color":"var(--ast-global-color-5)","background-image":"","background-repeat":"repeat","background-position":"center center","background-size":"auto","background-attachment":"scroll","background-type":"","background-media":"","overlay-type":"","overlay-color":"","overlay-opacity":"","overlay-gradient":""}},"footnotes":""},"class_list":["post-195","page","type-page","status-publish","hentry"],"uagb_featured_image_src":{"full":false,"thumbnail":false,"medium":false,"medium_large":false,"large":false,"1536x1536":false,"2048x2048":false},"uagb_author_info":{"display_name":"rubenfh","author_link":"https:\/\/somsol.es\/es\/author\/rubenfh\/"},"uagb_comment_info":0,"uagb_excerpt":"Comprometidos con la seguridad y calidad. En Somsol nos enorgullecemos de nuestra atenci\u00f3n al cliente de primer nivel, garantizando una atenci\u00f3n personalizada sin intermediarios rob\u00f3ticos ni centralitas que dilaten la espera. Cada proyecto que emprendemos es \u00fanico, y nos esforzamos por maximizar las especificaciones y deseos del cliente. Adem\u00e1s, somos reconocidos por nuestro compromiso con&hellip;","_links":{"self":[{"href":"https:\/\/somsol.es\/es\/wp-json\/wp\/v2\/pages\/195","targetHints":{"allow":["GET"]}}],"collection":[{"href":"https:\/\/somsol.es\/es\/wp-json\/wp\/v2\/pages"}],"about":[{"href":"https:\/\/somsol.es\/es\/wp-json\/wp\/v2\/types\/page"}],"author":[{"embeddable":true,"href":"https:\/\/somsol.es\/es\/wp-json\/wp\/v2\/users\/1"}],"replies":[{"embeddable":true,"href":"https:\/\/somsol.es\/es\/wp-json\/wp\/v2\/comments?post=195"}],"version-history":[{"count":40,"href":"https:\/\/somsol.es\/es\/wp-json\/wp\/v2\/pages\/195\/revisions"}],"predecessor-version":[{"id":1508,"href":"https:\/\/somsol.es\/es\/wp-json\/wp\/v2\/pages\/195\/revisions\/1508"}],"up":[{"embeddable":true,"href":"https:\/\/somsol.es\/es\/wp-json\/wp\/v2\/pages\/7"}],"wp:attachment":[{"href":"https:\/\/somsol.es\/es\/wp-json\/wp\/v2\/media?parent=195"}],"curies":[{"name":"wp","href":"https:\/\/api.w.org\/{rel}","templated":true}]}}