{"id":203,"date":"2023-10-05T10:05:06","date_gmt":"2023-10-05T08:05:06","guid":{"rendered":"https:\/\/blamark.com\/SOMSOL\/?page_id=203"},"modified":"2024-02-13T09:34:51","modified_gmt":"2024-02-13T08:34:51","slug":"residenciales","status":"publish","type":"page","link":"https:\/\/somsol.es\/es\/instalaciones\/residenciales\/","title":{"rendered":"Residenciales"},"content":{"rendered":"\n<div class=\"wp-block-cover alignfull grande\" style=\"margin-top:0;padding-top:5vw;padding-right:5vw;padding-bottom:5vw;padding-left:5vw\"><span aria-hidden=\"true\" class=\"wp-block-cover__background has-vivid-green-cyan-background-color has-background-dim\"><\/span><video class=\"wp-block-cover__video-background intrinsic-ignore\" autoplay muted loop playsinline src=\"https:\/\/blamark.com\/SOMSOL\/wp-content\/uploads\/2024\/01\/pexels_videos_1851190-2160p-Compressed-with-FlexClip-1-1-Compressed-with-FlexClip.mp4\" data-object-fit=\"cover\"><\/video><div class=\"wp-block-cover__inner-container is-layout-flow wp-block-cover-is-layout-flow\">\n<div class=\"wp-block-group is-layout-flex wp-container-core-group-is-layout-e4aad5c3 wp-block-group-is-layout-flex\">\n<div class=\"wp-block-group wp-container-content-9cfa9a5a is-layout-flow wp-container-core-group-is-layout-d6743c7d wp-block-group-is-layout-flow\">\n<h2 class=\"wp-block-heading has-text-align-left has-text-color\" style=\"color:#fede05;font-size:148px\"><strong>La energ\u00eda solar.<\/strong><\/h2>\n\n\n\n<h2 class=\"wp-block-heading has-text-align-left has-white-color has-text-color\" style=\"font-size:148px\"><strong>\u00a1toda la energia a tu alcance!<\/strong><\/h2>\n<\/div>\n\n\n\n<div class=\"wp-block-group wp-container-content-5b91cf2b is-vertical is-content-justification-right is-nowrap is-layout-flex wp-container-core-group-is-layout-27e6882f wp-block-group-is-layout-flex\">\n<p>En solo una hora, el sol despliega toda la potencia suficiente para generar energ\u00eda y alimentar a toda la humanidad durante un a\u00f1o entero. <\/p>\n\n\n\n<p><strong>\u00bfTe imaginas tener esa potencia impresionante en tus manos?<\/strong><\/p>\n<\/div>\n<\/div>\n<\/div><\/div>\n\n\n\n<div class=\"wp-block-cover alignfull videobloque\"><span aria-hidden=\"true\" class=\"wp-block-cover__background has-background-dim-100 has-background-dim has-background-gradient\" style=\"background:linear-gradient(135deg,rgb(249,178,51) 0%,rgb(0,150,64) 100%)\"><\/span><div class=\"wp-block-cover__inner-container is-layout-constrained wp-block-cover-is-layout-constrained\">\n<p class=\"has-text-align-center\" style=\"font-size:25px;font-style:normal;font-weight:600\">Bienvenido al mundo del Enphase Energy System, donde la energ\u00eda solar se encuentra con la tecnolog\u00eda inteligente. Este sistema revolucionario no solo te permite generar tu propia energ\u00eda solar, sino que tambi\u00e9n te da el control total a trav\u00e9s de una aplicaci\u00f3n m\u00f3vil inteligente. <\/p>\n<\/div><\/div>\n\n\n\n<div data-aos= \"fade-left\" data-aos-duration=\"400\" data-aos-delay=\"0\" data-aos-easing=\"ease\" data-aos-once=\"true\" class=\"wp-block-uagb-advanced-heading uagb-block-d6829ed0 degradado\"><h2 class=\"uagb-heading-text\"><strong>\u00bfQu\u00e9 significa esto para t\u00ed?<\/strong><\/h2><\/div>\n\n\n\n<style>\n\t#hotspot-1042 .hotspots-image-container,\n\t#hotspot-1042 .leaflet-container {\n\t\tbackground: #ffffff\t}\n\n\t#hotspot-1042 .hotspots-placeholder {\n\t\tbackground: #ffffff;\n\t\tborder: 0 #ffffff solid;\n\t\tcolor: #000000;\n\t}\n\n\t#hotspot-1042 .hotspot-title {\n\t\tcolor: #000000;\n\t}\n\n\t\t\t#hotspot-1042 .hotspot-default {\n\t\t\tstroke-width: 1;\n\t\t\tfill: #ffffff;\n\t\t\tfill-opacity: 0;\n\t\t\tstroke: #ffffff;\n\t\t\tstroke-opacity: 0;\n\t\t}\n\t\t#hotspot-1042 .hotspot-default:hover,\n\t\t#hotspot-1042 .hotspot-default:focus-visible,\n\t\t#hotspot-1042 .hotspot-default.hotspot-active {\n\t\t\tfill: #cccccc;\n\t\t\tfill-opacity: 0.81;\n\t\t\tstroke: #ffffff;\n\t\t\tstroke-opacity: 0.81;\n\t\t}\n\t\t#hotspot-1042 .leaflet-tooltip,\n\t#hotspot-1042 .leaflet-rrose-content-wrapper {\n\t\tbackground: #ffffff;\n\t\tborder-color: #ffffff;\n\t\tcolor: #000000;\n\t}\n\n\t#hotspot-1042 a.leaflet-rrose-close-button {\n\t\tcolor: #000000;\n\t}\n\n\t#hotspot-1042 .leaflet-rrose-tip {\n\t\tbackground: #ffffff;\n\t}\n\n\t#hotspot-1042 .leaflet-popup-scrolled {\n\t\tborder-bottom-color: #000000;\n\t\tborder-top-color: #000000;\n\t}\n\n\t#hotspot-1042 .leaflet-tooltip-top:before {\n\t\tborder-top-color: #ffffff;\n\t}\n\n\t#hotspot-1042 .leaflet-tooltip-bottom:before {\n\t\tborder-bottom-color: #ffffff;\n\t}\n\t#hotspot-1042 .leaflet-tooltip-left:before {\n\t\tborder-left-color: #ffffff;\n\t}\n\t#hotspot-1042 .leaflet-tooltip-right:before {\n\t\tborder-right-color: #ffffff;\n\t}\n<\/style>\n\n\t\n\t<div class=\"hotspots-container  layout-left event-click\" id=\"hotspot-1042\" data-layout=\"left\" data-trigger=\"click\">\n\t\t<div class=\"hotspots-interaction\">\n\t\t\t\t<div class=\"hotspots-placeholder\" id=\"content-hotspot-1042\">\n\t\t<div class=\"hotspot-initial\">\n\t\t\t\t\t\t\t\t\t<h2 class=\"hotspot-title\">\n\t\t\t\tComponentes instalaci\u00f3n residencial\t\t\t<\/h2>\n\t\t\t\t\t\t<div class=\"hotspot-content\">\n\t\t\t\t\t\t\t<\/div>\n\t\t<\/div>\n\t<\/div>\n<div class=\"hotspots-image-container\">\n\t<img\n\t\twidth=\"1024\"\n\t\theight=\"1024\"\n\t\tsrc=\"https:\/\/somsol.es\/wp-content\/uploads\/2024\/01\/casa.webp\"\n\t\talt=\"Componentes instalaci\u00f3n residencial\"\n\t\tclass=\"hotspots-image skip-lazy\"\n\t\tusemap=\"#hotspots-image-1042\"\n\t\tdata-image-title=\"Componentes instalaci\u00f3n residencial\"\n\t\tdata-image-description=\"\"\n\t\tdata-event-trigger=\"click\"\n\t\tdata-always-visible=\"false\"\n\t\tdata-id=\"1042\"\n\t\tdata-no-lazy=\"1\"\n\t\tdata-lazy-src=\"\"\n\t\tdata-lazy=\"false\"\n\t\tloading=\"eager\"\n\t\tdata-skip-lazy=\"1\"\n\t\t>\n<\/div>\t\t<\/div>\n\t\t<map name=\"hotspots-image-1042\" class=\"hotspots-map\">\n\t\t\t\t\t\t\t\t\t\t\t<area\n\t\t\t\t\tshape=\"circle\"\n\t\t\t\t\tcoords=\"326,227,55\"\n\t\t\t\t\thref=\"#hotspot-hotspot-1042-0\"\n\t\t\t\t\trel=\"\"\n\t\t\t\t\ttitle=\"Enphase IQ Microinverters\"\n\t\t\t\t\talt=\"Enphase IQ Microinverters\"\n\t\t\t\t\tdata-action=\"\"\n\t\t\t\t\tdata-color-scheme=\"\"\n\t\t\t\t\ttarget=\"\"\n\t\t\t\t\tclass=\"more-info-area\"\n\t\t\t\t\t>\n\t\t\t\t\t\t\t\t\t\t\t<area\n\t\t\t\t\tshape=\"circle\"\n\t\t\t\t\tcoords=\"207,547,88\"\n\t\t\t\t\thref=\"#hotspot-hotspot-1042-1\"\n\t\t\t\t\trel=\"\"\n\t\t\t\t\ttitle=\"Enphase IQ Battery\"\n\t\t\t\t\talt=\"Enphase IQ Battery\"\n\t\t\t\t\tdata-action=\"\"\n\t\t\t\t\tdata-color-scheme=\"\"\n\t\t\t\t\ttarget=\"\"\n\t\t\t\t\tclass=\"more-info-area\"\n\t\t\t\t\t>\n\t\t\t\t\t\t\t\t\t\t\t<area\n\t\t\t\t\tshape=\"circle\"\n\t\t\t\t\tcoords=\"519,736,59\"\n\t\t\t\t\thref=\"#hotspot-hotspot-1042-2\"\n\t\t\t\t\trel=\"\"\n\t\t\t\t\ttitle=\"Enphase APP\"\n\t\t\t\t\talt=\"Enphase APP\"\n\t\t\t\t\tdata-action=\"\"\n\t\t\t\t\tdata-color-scheme=\"\"\n\t\t\t\t\ttarget=\"\"\n\t\t\t\t\tclass=\"more-info-area\"\n\t\t\t\t\t>\n\t\t\t\t\t<\/map>\n\n\t\t\n\t\t\t\t\t\n\t\t\t\t\t\t<div class=\"hotspot-info \" id=\"hotspot-hotspot-1042-0\">\n\t\t\t\t\n\t\t\t\t<h2 class=\"hotspot-title\">Enphase IQ Microinverters<\/h2>\t\t\t\t\t\t\t\t\t<div class=\"hotspot-thumb\">\n\t\t\t\t\t\t<img loading=\"lazy\" decoding=\"async\" width=\"900\" height=\"900\" src=\"https:\/\/somsol.es\/wp-content\/uploads\/2024\/01\/Imagen-2.png\" class=\"attachment-large size-large\" alt=\"\" srcset=\"https:\/\/somsol.es\/wp-content\/uploads\/2024\/01\/Imagen-2.png 900w, https:\/\/somsol.es\/wp-content\/uploads\/2024\/01\/Imagen-2-300x300.png 300w, https:\/\/somsol.es\/wp-content\/uploads\/2024\/01\/Imagen-2-150x150.png 150w, https:\/\/somsol.es\/wp-content\/uploads\/2024\/01\/Imagen-2-768x768.png 768w\" sizes=\"auto, (max-width: 900px) 100vw, 900px\" \/>\t\t\t\t\t<\/div>\n\t\t\t\t\t\t\t\t<div class=\"hotspot-content\">\n\t\t\t\t\t<p>Se encarga de captar la m\u00e1xima potencia individual de cada panel y transformala en energ\u00eda apta para nuestra vivienda. Este sistema permite tener un mayor control sobre cada panel individual, dando como resultado un mayor rendimiento, una mejora en la fiabilidad y un aumento en garant\u00edas.<\/p>\n\t\t\t\t<\/div>\n\t\t\t<\/div>\n\t\t\t\t\t\n\t\t\t\t\t\t<div class=\"hotspot-info \" id=\"hotspot-hotspot-1042-1\">\n\t\t\t\t\n\t\t\t\t<h2 class=\"hotspot-title\">Enphase IQ Battery<\/h2>\t\t\t\t\t\t\t\t\t<div class=\"hotspot-thumb\">\n\t\t\t\t\t\t<img loading=\"lazy\" decoding=\"async\" width=\"1024\" height=\"576\" src=\"https:\/\/somsol.es\/wp-content\/uploads\/2024\/01\/Imagen-1-1024x576.webp\" class=\"attachment-large size-large\" alt=\"\" srcset=\"https:\/\/somsol.es\/wp-content\/uploads\/2024\/01\/Imagen-1-1024x576.webp 1024w, https:\/\/somsol.es\/wp-content\/uploads\/2024\/01\/Imagen-1-300x169.webp 300w, https:\/\/somsol.es\/wp-content\/uploads\/2024\/01\/Imagen-1-768x432.webp 768w, https:\/\/somsol.es\/wp-content\/uploads\/2024\/01\/Imagen-1-1536x864.webp 1536w, https:\/\/somsol.es\/wp-content\/uploads\/2024\/01\/Imagen-1-2048x1152.webp 2048w\" sizes=\"auto, (max-width: 1024px) 100vw, 1024px\" \/>\t\t\t\t\t<\/div>\n\t\t\t\t\t\t\t\t<div class=\"hotspot-content\">\n\t\t\t\t\t<p>Es la bater\u00eda que se encarga de almacenar energ\u00eda solar para utilizarla en picos de consumo de la vivienda o durante las noche. Ayudando a reducir a\u00fan m\u00e1s las facturas de la luz. Capaz de darnos una potencia de hasta 1,28kW en su modelo m\u00e1s peque\u00f1o hasta 3,8 en su modelo de mayor capacidad.<\/p>\n\t\t\t\t<\/div>\n\t\t\t<\/div>\n\t\t\t\t\t\n\t\t\t\t\t\t<div class=\"hotspot-info \" id=\"hotspot-hotspot-1042-2\">\n\t\t\t\t\n\t\t\t\t<h2 class=\"hotspot-title\">Enphase APP<\/h2>\t\t\t\t\t\t\t\t\t<div class=\"hotspot-thumb\">\n\t\t\t\t\t\t<img loading=\"lazy\" decoding=\"async\" width=\"547\" height=\"640\" src=\"https:\/\/somsol.es\/wp-content\/uploads\/2024\/01\/enphrase.webp\" class=\"attachment-large size-large\" alt=\"\" srcset=\"https:\/\/somsol.es\/wp-content\/uploads\/2024\/01\/enphrase.webp 547w, https:\/\/somsol.es\/wp-content\/uploads\/2024\/01\/enphrase-256x300.webp 256w\" sizes=\"auto, (max-width: 547px) 100vw, 547px\" \/>\t\t\t\t\t<\/div>\n\t\t\t\t\t\t\t\t<div class=\"hotspot-content\">\n\t\t\t\t\t<p>Herramienta imprescindible para conocer cuanta energ\u00eda produce tu sistema fotovoltaico, as\u00ed como tu consumo de la vivienda. Recibe alertas en tu dispositivo si algo no funciona como deber\u00eda. Comprueba que placas generan m\u00e1s potencia y cuales menos. Todo desde tu mano a trav\u00e9s de la app m\u00f3vil Enlighteen.<\/p>\n\t\t\t\t<\/div>\n\t\t\t<\/div>\n\t\t\t<\/div>\n\n\n\n\n\n<div class=\"wp-block-cover alignfull videobloque\"><span aria-hidden=\"true\" class=\"wp-block-cover__background has-background-dim-100 has-background-dim has-background-gradient\" style=\"background:linear-gradient(135deg,rgb(249,178,51) 0%,rgb(0,150,64) 100%)\"><\/span><div class=\"wp-block-cover__inner-container is-layout-constrained wp-block-cover-is-layout-constrained\">\n<p class=\"has-text-align-center has-ast-global-color-5-color has-text-color has-link-color wp-elements-8ce4f9f0f8e9701015a40ad74e4713a0\" style=\"font-size:38px;font-style:normal;font-weight:600\"><strong>Menor coste<\/strong> en tus facturas de luz, <strong>menos huella de carbono<\/strong> y m\u00e1s poder en tus manos para tener el <strong>control total de tu instalaci\u00f3n.<\/strong><\/p>\n<\/div><\/div>\n\n\n\n<div class=\"wp-block-media-text alignfull has-media-on-the-right is-stacked-on-mobile movil has-background\" style=\"background:linear-gradient(135deg,rgb(0,156,168) 0%,rgb(169,184,195) 100%);margin-top:0;margin-right:0;margin-bottom:0;margin-left:0;padding-top:0;padding-right:0;padding-bottom:0;padding-left:0\"><div class=\"wp-block-media-text__content\">\n<p class=\"has-ast-global-color-3-color has-text-color has-link-color wp-elements-1f4d43e705326fe758bbd360a48231d3\"><strong>APP MONITORIZACI\u00d3N<\/strong><\/p>\n\n\n\n<h2 class=\"wp-block-heading has-ast-global-color-5-color has-text-color has-link-color wp-elements-086930c83c60f4182df4653a6b4243f7\"><strong>El poder solar en la palma de tu mano<\/strong><\/h2>\n\n\n\n<p class=\"has-ast-global-color-2-color has-text-color has-link-color has-medium-font-size wp-elements-c634267c2585dbca3c8fb862fe9ce0fe\" style=\"line-height:1.3\">Accede al poder del sol desde cualquier lugar con nuestra avanzada aplicaci\u00f3n m\u00f3vil para sistemas solares. Monitoriza el flujo de la energ\u00eda solar en tu vivienda en vivo y registra cu\u00e1nto has generado y consumido a lo largo del a\u00f1o. Experimenta la energ\u00eda solar al alcance de tu mano con una aplicaci\u00f3n compacta pero poderosa.<\/p>\n\n\n\n<p><a href=\"https:\/\/enphase.com\/es-es\/homeowner-interest\"><\/a><\/p>\n<\/div><figure class=\"wp-block-media-text__media\"><img loading=\"lazy\" decoding=\"async\" width=\"698\" height=\"666\" src=\"https:\/\/blamark.com\/SOMSOL\/wp-content\/uploads\/2024\/01\/pngimg.com-phone_hand_PNG37.webp\" alt=\"\" class=\"wp-image-836 size-full\" srcset=\"https:\/\/somsol.es\/wp-content\/uploads\/2024\/01\/pngimg.com-phone_hand_PNG37.webp 698w, https:\/\/somsol.es\/wp-content\/uploads\/2024\/01\/pngimg.com-phone_hand_PNG37-300x286.webp 300w\" sizes=\"auto, (max-width: 698px) 100vw, 698px\" \/><\/figure><\/div>\n\n\n\n<div class=\"wp-block-cover alignfull presupuesto has-ast-global-color-2-color has-text-color has-link-color wp-elements-cefe650f15b1d6b60622ee11e17591da\"><span aria-hidden=\"true\" class=\"wp-block-cover__background has-ast-global-color-6-background-color has-background-dim-100 has-background-dim\"><\/span><div class=\"wp-block-cover__inner-container is-layout-constrained wp-block-cover-is-layout-constrained\">\n<div class=\"wpcf7 no-js\" id=\"wpcf7-f74-o1\" lang=\"es-ES\" dir=\"ltr\" data-wpcf7-id=\"74\">\n<div class=\"screen-reader-response\"><p role=\"status\" aria-live=\"polite\" aria-atomic=\"true\"><\/p> <ul><\/ul><\/div>\n<form action=\"\/es\/wp-json\/wp\/v2\/pages\/203#wpcf7-f74-o1\" method=\"post\" class=\"wpcf7-form init cf7mls-no-scroll cf7mls-no-moving-animation\" aria-label=\"Formulario de contacto\" novalidate=\"novalidate\" data-status=\"init\">\n<fieldset class=\"hidden-fields-container\"><input type=\"hidden\" name=\"_wpcf7\" value=\"74\" \/><input type=\"hidden\" name=\"_wpcf7_version\" value=\"6.1.5\" \/><input type=\"hidden\" name=\"_wpcf7_locale\" value=\"es_ES\" \/><input type=\"hidden\" name=\"_wpcf7_unit_tag\" value=\"wpcf7-f74-o1\" \/><input type=\"hidden\" name=\"_wpcf7_container_post\" value=\"0\" \/><input type=\"hidden\" name=\"_wpcf7_posted_data_hash\" value=\"\" \/><input type=\"hidden\" name=\"_wpcf7_recaptcha_response\" value=\"\" \/>\n<\/fieldset>\n<div class=\"fieldset-cf7mls-wrapper\" data-transition-effects><fieldset class=\"fieldset-cf7mls cf7mls_current_fs\"><div class=\"uacf7-form-wrapper-container uacf7-form-74  \"><center><h2>\u00bfQu\u00e9 tipo de instalaci\u00f3n necesitas?<\/h2>\n\n<span class=\"tipo\"><span class=\"wpcf7-form-control-wrap\" data-name=\"checkbox-552\"><span class=\"wpcf7-form-control wpcf7-checkbox wpcf7-validates-as-required wpcf7-exclusive-checkbox\"><span class=\"wpcf7-list-item first\"><label><input type=\"checkbox\" name=\"checkbox-552\" value=\"Vivienda unifamiliar\" \/><span class=\"wpcf7-list-item-label\">Vivienda unifamiliar<\/span><\/label><\/span><span class=\"wpcf7-list-item\"><label><input type=\"checkbox\" name=\"checkbox-552\" value=\"Comunidad de propietarios o piso\" \/><span class=\"wpcf7-list-item-label\">Comunidad de propietarios o piso<\/span><\/label><\/span><span class=\"wpcf7-list-item last\"><label><input type=\"checkbox\" name=\"checkbox-552\" value=\"Industrial\" \/><span class=\"wpcf7-list-item-label\">Industrial<\/span><\/label><\/span><\/span><\/span><\/span><\/center>\n\n<div class=\"cf7mls-btns \"><button type=\"button\" class=\"cf7mls_next cf7mls_btn action-button\" name=\"cf7mls_next\" id=\"cf7mls-next-btn-cf7mls_step-1\" style=\" \">Siguiente<img decoding=\"async\" src=\"https:\/\/somsol.es\/wp-content\/plugins\/cf7-multi-step\/assets\/frontend\/img\/loader.svg\" alt=\"Step Loading\" data-lazy-src=\"https:\/\/somsol.es\/wp-content\/plugins\/cf7-multi-step\/assets\/frontend\/img\/loader.svg\" style=\"display: none;\" \/><\/button><\/div><p><\/p><\/fieldset><fieldset class=\"fieldset-cf7mls\"><center><h2>\u00bfEn qu\u00e9 servicio est\u00e1s interesado?<\/h2>\n\n<span class=\"interes\"><span class=\"wpcf7-form-control-wrap\" data-name=\"checkbox-581\"><span class=\"wpcf7-form-control wpcf7-checkbox\"><span class=\"wpcf7-list-item first\"><label><input type=\"checkbox\" name=\"checkbox-581[]\" value=\"Autoconsumo solar\" \/><span class=\"wpcf7-list-item-label\">Autoconsumo solar<\/span><\/label><\/span><span class=\"wpcf7-list-item\"><label><input type=\"checkbox\" name=\"checkbox-581[]\" value=\"Cargador coche el\u00e9ctrico\" \/><span class=\"wpcf7-list-item-label\">Cargador coche el\u00e9ctrico<\/span><\/label><\/span><span class=\"wpcf7-list-item\"><label><input type=\"checkbox\" name=\"checkbox-581[]\" value=\"Aerotermia\" \/><span class=\"wpcf7-list-item-label\">Aerotermia<\/span><\/label><\/span><span class=\"wpcf7-list-item last\"><label><input type=\"checkbox\" name=\"checkbox-581[]\" value=\"Dom\u00f3tica\" \/><span class=\"wpcf7-list-item-label\">Dom\u00f3tica<\/span><\/label><\/span><\/span><\/span><\/span><\/center><div class=\"cf7mls-btns \"><button type=\"button\" class=\"cf7mls_back action-button\" name=\"cf7mls_back\" id=\"cf7mls-back-btn-cf7mls_step-2\" style=\" \">Paso anterior<\/button><button type=\"button\" class=\"cf7mls_next cf7mls_btn action-button\" name=\"cf7mls_next\" id=\"cf7mls-next-btn-cf7mls_step-2\" style=\" \">Siguiente<img decoding=\"async\" src=\"https:\/\/somsol.es\/wp-content\/plugins\/cf7-multi-step\/assets\/frontend\/img\/loader.svg\" alt=\"Step Loading\" data-lazy-src=\"https:\/\/somsol.es\/wp-content\/plugins\/cf7-multi-step\/assets\/frontend\/img\/loader.svg\" style=\"display: none;\" \/><\/button><\/div><p><\/p><\/fieldset><fieldset class=\"fieldset-cf7mls\"><center><h2>\u00bfD\u00f3nde te gustar\u00eda realizar tu instalaci\u00f3n?<\/h2>\n<p>Para poder darte un presupuesto m\u00e1s detallado que nos indiques una localizaci\u00f3n...<\/p><\/center>\n\n      \n        <div class=\"wpcf7-form-control-wrap-main gmautocomplete-571\">\n\t\t\t<span class=\"wpcf7-form-control-wrap\" data-name=\"gmautocomplete-571\">\n    <div id=\"gmautocomplete-571_autocomplete_wrapper\"><\/div>\n    <input \n        size=\"40\" class=\"wpcf7-form-control wpcf7-gmautocomplete wpcf7-validates-as-required gmautocomplete\" aria-required=\"true\" aria-invalid=\"false\" placeholder=\"Enter a location\" type=\"text\" name=\"gmautocomplete-571\"        style=\"position:absolute;opacity:0;pointer-events:none;height:0;width:0;border:0;padding:0;\"\n        autocomplete=\"off\"\n    \/>\n    <\/span>\n\n\t\t\t\n\t\t\t\n\t\t\t\n\t\t\t\n\t\t\t\n\t\t\t\t\t<\/div>\n\n        <div class=\"cf7mls-btns \"><button type=\"button\" class=\"cf7mls_back action-button\" name=\"cf7mls_back\" id=\"cf7mls-back-btn-cf7mls_step-3\" style=\" \">Paso anterior<\/button><button type=\"button\" class=\"cf7mls_next cf7mls_btn action-button\" name=\"cf7mls_next\" id=\"cf7mls-next-btn-cf7mls_step-3\" style=\" \">Siguiente<img decoding=\"async\" src=\"https:\/\/somsol.es\/wp-content\/plugins\/cf7-multi-step\/assets\/frontend\/img\/loader.svg\" alt=\"Step Loading\" data-lazy-src=\"https:\/\/somsol.es\/wp-content\/plugins\/cf7-multi-step\/assets\/frontend\/img\/loader.svg\" style=\"display: none;\" \/><\/button><\/div><p><\/p><\/fieldset><fieldset class=\"fieldset-cf7mls\"><center><h2>Est\u00e1s a un paso de ahorrar hasta un 90% en tu factura de la luz<\/h2>\n<p style=\"margin:0px\">Necesitamos tus datos de contacto para poder calcular tu ahorro y finalizar tu estudio personalizado GRATIS.<\/p><\/center>\n\nDinos tu nombre\n<span class=\"wpcf7-form-control-wrap\" data-name=\"nombre\"><input size=\"40\" maxlength=\"400\" class=\"wpcf7-form-control wpcf7-text wpcf7-validates-as-required\" aria-required=\"true\" aria-invalid=\"false\" value=\"\" type=\"text\" name=\"nombre\" \/><\/span>\n\nTel\u00e9fono de contacto\n<span class=\"wpcf7-form-control-wrap\" data-name=\"telefono\"><input size=\"40\" maxlength=\"400\" class=\"wpcf7-form-control wpcf7-tel wpcf7-validates-as-required wpcf7-text wpcf7-validates-as-tel\" aria-required=\"true\" aria-invalid=\"false\" value=\"\" type=\"tel\" name=\"telefono\" \/><\/span>\n\nCorreo electr\u00f3nico\n<span class=\"wpcf7-form-control-wrap\" data-name=\"correo\"><input size=\"40\" maxlength=\"400\" class=\"wpcf7-form-control wpcf7-email wpcf7-validates-as-required wpcf7-text wpcf7-validates-as-email\" aria-required=\"true\" aria-invalid=\"false\" value=\"\" type=\"email\" name=\"correo\" \/><\/span>\n\n<span class=\"wpcf7-form-control-wrap\" data-name=\"politicas\"><span class=\"wpcf7-form-control wpcf7-acceptance\"><span class=\"wpcf7-list-item\"><label><input type=\"checkbox\" name=\"politicas\" value=\"1\" aria-invalid=\"false\" \/><span class=\"wpcf7-list-item-label\">He le\u00eddo y acepto la pol\u00edtica de privacidad<\/span><\/label><\/span><\/span><\/span>\n<span class=\"wpcf7-form-control-wrap\" data-name=\"marketing\"><span class=\"wpcf7-form-control wpcf7-acceptance\"><span class=\"wpcf7-list-item\"><label><input type=\"checkbox\" name=\"marketing\" value=\"1\" aria-invalid=\"false\" \/><span class=\"wpcf7-list-item-label\">Deseo recibir informaci\u00f3n sobre otros productos y servicios comercializados por Somsol<\/span><\/label><\/span><\/span><\/span>\n\n<input class=\"wpcf7-form-control wpcf7-submit has-spinner\" type=\"submit\" value=\"Enviar\" \/><div class=\"cf7mls-btns cf7mls-btns-last-step\"><button type=\"button\" class=\"cf7mls_back action-button\" name=\"cf7mls_back\" id=\"cf7mls-back-btn-cf7mls_step-4\" style=\" \">Paso anterior<\/button><button type=\"button\" style=\"display: none;\" class=\"cf7mls_next cf7mls_btn action-button\" name=\"cf7mls_next\" id=\"cf7mls-next-btn-cf7mls_step-4\" style=\" \"><img decoding=\"async\" src=\"https:\/\/somsol.es\/wp-content\/plugins\/cf7-multi-step\/assets\/frontend\/img\/loader.svg\" alt=\"Step Loading\" data-lazy-src=\"https:\/\/somsol.es\/wp-content\/plugins\/cf7-multi-step\/assets\/frontend\/img\/loader.svg\" style=\"display: none;\" \/><\/button><\/div><\/fieldset><\/div><div class=\"wpcf7-response-output\" aria-hidden=\"true\"><\/div>\n<\/form>\n<\/div>\n\n<\/div><\/div>\n","protected":false},"excerpt":{"rendered":"<p>\u00bfQu\u00e9 significa esto para t\u00ed? APP MONITORIZACI\u00d3N El poder solar en la palma de tu mano Accede al poder del sol desde cualquier lugar con nuestra avanzada aplicaci\u00f3n m\u00f3vil para sistemas solares. Monitoriza el flujo de la energ\u00eda solar en tu vivienda en vivo y registra cu\u00e1nto has generado y consumido a lo largo del [&hellip;]<\/p>\n","protected":false},"author":1,"featured_media":0,"parent":664,"menu_order":0,"comment_status":"closed","ping_status":"closed","template":"","meta":{"_eb_attr":"","_uag_custom_page_level_css":"","site-sidebar-layout":"default","site-content-layout":"","ast-site-content-layout":"","site-content-style":"default","site-sidebar-style":"default","ast-global-header-display":"","ast-banner-title-visibility":"","ast-main-header-display":"","ast-hfb-above-header-display":"","ast-hfb-below-header-display":"","ast-hfb-mobile-header-display":"","site-post-title":"","ast-breadcrumbs-content":"","ast-featured-img":"","footer-sml-layout":"","theme-transparent-header-meta":"","adv-header-id-meta":"","stick-header-meta":"","header-above-stick-meta":"","header-main-stick-meta":"","header-below-stick-meta":"","astra-migrate-meta-layouts":"default","ast-page-background-enabled":"default","ast-page-background-meta":{"desktop":{"background-color":"var(--ast-global-color-4)","background-image":"","background-repeat":"repeat","background-position":"center center","background-size":"auto","background-attachment":"scroll","background-type":"","background-media":"","overlay-type":"","overlay-color":"","overlay-opacity":"","overlay-gradient":""},"tablet":{"background-color":"","background-image":"","background-repeat":"repeat","background-position":"center center","background-size":"auto","background-attachment":"scroll","background-type":"","background-media":"","overlay-type":"","overlay-color":"","overlay-opacity":"","overlay-gradient":""},"mobile":{"background-color":"","background-image":"","background-repeat":"repeat","background-position":"center center","background-size":"auto","background-attachment":"scroll","background-type":"","background-media":"","overlay-type":"","overlay-color":"","overlay-opacity":"","overlay-gradient":""}},"ast-content-background-meta":{"desktop":{"background-color":"var(--ast-global-color-5)","background-image":"","background-repeat":"repeat","background-position":"center center","background-size":"auto","background-attachment":"scroll","background-type":"","background-media":"","overlay-type":"","overlay-color":"","overlay-opacity":"","overlay-gradient":""},"tablet":{"background-color":"var(--ast-global-color-5)","background-image":"","background-repeat":"repeat","background-position":"center center","background-size":"auto","background-attachment":"scroll","background-type":"","background-media":"","overlay-type":"","overlay-color":"","overlay-opacity":"","overlay-gradient":""},"mobile":{"background-color":"var(--ast-global-color-5)","background-image":"","background-repeat":"repeat","background-position":"center center","background-size":"auto","background-attachment":"scroll","background-type":"","background-media":"","overlay-type":"","overlay-color":"","overlay-opacity":"","overlay-gradient":""}},"footnotes":""},"class_list":["post-203","page","type-page","status-publish","hentry"],"uagb_featured_image_src":{"full":false,"thumbnail":false,"medium":false,"medium_large":false,"large":false,"1536x1536":false,"2048x2048":false},"uagb_author_info":{"display_name":"rubenfh","author_link":"https:\/\/somsol.es\/es\/author\/rubenfh\/"},"uagb_comment_info":0,"uagb_excerpt":"\u00bfQu\u00e9 significa esto para t\u00ed? APP MONITORIZACI\u00d3N El poder solar en la palma de tu mano Accede al poder del sol desde cualquier lugar con nuestra avanzada aplicaci\u00f3n m\u00f3vil para sistemas solares. Monitoriza el flujo de la energ\u00eda solar en tu vivienda en vivo y registra cu\u00e1nto has generado y consumido a lo largo del&hellip;","_links":{"self":[{"href":"https:\/\/somsol.es\/es\/wp-json\/wp\/v2\/pages\/203","targetHints":{"allow":["GET"]}}],"collection":[{"href":"https:\/\/somsol.es\/es\/wp-json\/wp\/v2\/pages"}],"about":[{"href":"https:\/\/somsol.es\/es\/wp-json\/wp\/v2\/types\/page"}],"author":[{"embeddable":true,"href":"https:\/\/somsol.es\/es\/wp-json\/wp\/v2\/users\/1"}],"replies":[{"embeddable":true,"href":"https:\/\/somsol.es\/es\/wp-json\/wp\/v2\/comments?post=203"}],"version-history":[{"count":35,"href":"https:\/\/somsol.es\/es\/wp-json\/wp\/v2\/pages\/203\/revisions"}],"predecessor-version":[{"id":1498,"href":"https:\/\/somsol.es\/es\/wp-json\/wp\/v2\/pages\/203\/revisions\/1498"}],"up":[{"embeddable":true,"href":"https:\/\/somsol.es\/es\/wp-json\/wp\/v2\/pages\/664"}],"wp:attachment":[{"href":"https:\/\/somsol.es\/es\/wp-json\/wp\/v2\/media?parent=203"}],"curies":[{"name":"wp","href":"https:\/\/api.w.org\/{rel}","templated":true}]}}