{"id":217,"date":"2023-10-05T10:08:17","date_gmt":"2023-10-05T08:08:17","guid":{"rendered":"https:\/\/blamark.com\/SOMSOL\/?page_id=217"},"modified":"2024-02-13T09:16:35","modified_gmt":"2024-02-13T08:16:35","slug":"transicion-energetica","status":"publish","type":"page","link":"https:\/\/somsol.es\/es\/instalaciones\/transicion-energetica\/","title":{"rendered":"Transici\u00f3n energ\u00e9tica"},"content":{"rendered":"\n<div class=\"wp-block-cover alignfull grande\" style=\"margin-top:0;padding-top:5vw;padding-right:5vw;padding-bottom:5vw;padding-left:5vw\"><span aria-hidden=\"true\" class=\"wp-block-cover__background has-vivid-green-cyan-background-color has-background-dim\"><\/span><video class=\"wp-block-cover__video-background intrinsic-ignore\" autoplay muted loop playsinline src=\"https:\/\/blamark.com\/SOMSOL\/wp-content\/uploads\/2024\/01\/pexels_videos_1851190-2160p-Compressed-with-FlexClip-1-1-Compressed-with-FlexClip.mp4\" data-object-fit=\"cover\"><\/video><div class=\"wp-block-cover__inner-container is-layout-flow wp-block-cover-is-layout-flow\">\n<div class=\"wp-block-group is-layout-flex wp-container-core-group-is-layout-e4aad5c3 wp-block-group-is-layout-flex\">\n<div class=\"wp-block-group wp-container-content-9cfa9a5a is-layout-flow wp-container-core-group-is-layout-d6743c7d wp-block-group-is-layout-flow\">\n<h2 class=\"wp-block-heading has-text-align-left has-text-color\" style=\"color:#fede05;font-size:148px\"><strong>Transici\u00f3n<\/strong><\/h2>\n\n\n\n<h2 class=\"wp-block-heading has-text-align-left has-white-color has-text-color\" style=\"font-size:148px\"><strong>energ\u00e9tica<\/strong><\/h2>\n<\/div>\n<\/div>\n<\/div><\/div>\n\n\n\n<div class=\"wp-block-cover alignfull\" style=\"min-height:478px;aspect-ratio:unset;\"><span aria-hidden=\"true\" class=\"wp-block-cover__background has-ast-global-color-5-background-color has-background-dim-100 has-background-dim\"><\/span><div class=\"wp-block-cover__inner-container is-layout-flow wp-block-cover-is-layout-flow\">\n<div class=\"wp-block-media-text is-stacked-on-mobile\"><figure class=\"wp-block-media-text__media\"><img loading=\"lazy\" decoding=\"async\" width=\"1024\" height=\"1024\" src=\"https:\/\/blamark.com\/SOMSOL\/wp-content\/uploads\/2024\/01\/DALL\u00b7E-2024-01-29-12.06.34-Create-a-flat-schematic-image-of-an-aerothermal-system-in-a-house-on-a-completely-white-background-without-any-shadows-or-3D-effects.-The-design-sho.png\" alt=\"\" class=\"wp-image-1170 size-full\" srcset=\"https:\/\/somsol.es\/wp-content\/uploads\/2024\/01\/DALL\u00b7E-2024-01-29-12.06.34-Create-a-flat-schematic-image-of-an-aerothermal-system-in-a-house-on-a-completely-white-background-without-any-shadows-or-3D-effects.-The-design-sho.png 1024w, https:\/\/somsol.es\/wp-content\/uploads\/2024\/01\/DALL\u00b7E-2024-01-29-12.06.34-Create-a-flat-schematic-image-of-an-aerothermal-system-in-a-house-on-a-completely-white-background-without-any-shadows-or-3D-effects.-The-design-sho-300x300.png 300w, https:\/\/somsol.es\/wp-content\/uploads\/2024\/01\/DALL\u00b7E-2024-01-29-12.06.34-Create-a-flat-schematic-image-of-an-aerothermal-system-in-a-house-on-a-completely-white-background-without-any-shadows-or-3D-effects.-The-design-sho-150x150.png 150w, https:\/\/somsol.es\/wp-content\/uploads\/2024\/01\/DALL\u00b7E-2024-01-29-12.06.34-Create-a-flat-schematic-image-of-an-aerothermal-system-in-a-house-on-a-completely-white-background-without-any-shadows-or-3D-effects.-The-design-sho-768x768.png 768w\" sizes=\"auto, (max-width: 1024px) 100vw, 1024px\" \/><\/figure><div class=\"wp-block-media-text__content\">\n<p class=\"has-text-align-left has-ast-global-color-2-color has-text-color has-link-color has-medium-font-size wp-elements-c1d24611c7acd3c38d606c80d62f618b\">La aerotermia es una tecnolog\u00eda que extrae la energ\u00eda del aire para calentar o enfriar espacios y proporcionar agua caliente. No s\u00f3lo es m\u00e1s amigable con el medio ambiente, sino que tambi\u00e9n ofrece un ahorro significativo en las facturas de energ\u00eda a largo plazo. Si est\u00e1s considerando dar el salto hacia una soluci\u00f3n m\u00e1s verde, estamos aqu\u00ed para asesorarte y guiarte en cada paso del proceso. <\/p>\n\n\n\n<p class=\"has-text-align-left has-ast-global-color-2-color has-text-color has-link-color has-medium-font-size wp-elements-ba4db07d4da43f4c54a89ea723de059c\">Desde la evaluaci\u00f3n inicial hasta la instalaci\u00f3n y el mantenimiento, nuestro equipo de expertos est\u00e1 comprometido a garantizar una transici\u00f3n sin problemas y a maximizar los beneficios para tu hogar o negocio. <\/p>\n<\/div><\/div>\n<\/div><\/div>\n\n\n\n<div class=\"wp-block-cover alignfull videobloque\"><span aria-hidden=\"true\" class=\"wp-block-cover__background has-background-dim-100 has-background-dim has-background-gradient\" style=\"background:linear-gradient(135deg,rgb(249,178,51) 0%,rgb(0,150,64) 100%)\"><\/span><div class=\"wp-block-cover__inner-container is-layout-constrained wp-block-cover-is-layout-constrained\">\n<p class=\"has-text-align-center\" style=\"font-size:25px;font-style:normal;font-weight:600\">En Somsol, somos testigos de la evoluci\u00f3n energ\u00e9tica que est\u00e1 teniendo lugar en nuestra sociedad. La urgencia de adoptar soluciones m\u00e1s limpias y eficientes se ha vuelto primordial. Por ello, apoyamos a nuestros clientes en la transici\u00f3n de sistemas tradicionales, como las calderas de gasoil, hacia alternativas m\u00e1s ecol\u00f3gicas y econ\u00f3micas, como la aerotermia, entre otros.<\/p>\n<\/div><\/div>\n\n\n\n<div data-aos= \"fade-left\" data-aos-duration=\"400\" data-aos-delay=\"0\" data-aos-easing=\"ease\" data-aos-once=\"true\" class=\"wp-block-uagb-advanced-heading uagb-block-d6829ed0 degradado\"><h2 class=\"uagb-heading-text\"><strong>\u00a1\u00danete a la revoluci\u00f3n energ\u00e9tica con Somsol!<\/strong><\/h2><\/div>\n\n\n\n<div class=\"wp-block-cover alignfull presupuesto has-ast-global-color-2-color has-text-color has-link-color wp-elements-cefe650f15b1d6b60622ee11e17591da\"><span aria-hidden=\"true\" class=\"wp-block-cover__background has-ast-global-color-6-background-color has-background-dim-100 has-background-dim\"><\/span><div class=\"wp-block-cover__inner-container is-layout-constrained wp-block-cover-is-layout-constrained\">\n<div class=\"wpcf7 no-js\" id=\"wpcf7-f74-o1\" lang=\"es-ES\" dir=\"ltr\" data-wpcf7-id=\"74\">\n<div class=\"screen-reader-response\"><p role=\"status\" aria-live=\"polite\" aria-atomic=\"true\"><\/p> <ul><\/ul><\/div>\n<form action=\"\/es\/wp-json\/wp\/v2\/pages\/217#wpcf7-f74-o1\" method=\"post\" class=\"wpcf7-form init cf7mls-no-scroll cf7mls-no-moving-animation\" aria-label=\"Formulario de contacto\" novalidate=\"novalidate\" data-status=\"init\">\n<fieldset class=\"hidden-fields-container\"><input type=\"hidden\" name=\"_wpcf7\" value=\"74\" \/><input type=\"hidden\" name=\"_wpcf7_version\" value=\"6.1.5\" \/><input type=\"hidden\" name=\"_wpcf7_locale\" value=\"es_ES\" \/><input type=\"hidden\" name=\"_wpcf7_unit_tag\" value=\"wpcf7-f74-o1\" \/><input type=\"hidden\" name=\"_wpcf7_container_post\" value=\"0\" \/><input type=\"hidden\" name=\"_wpcf7_posted_data_hash\" value=\"\" \/><input type=\"hidden\" name=\"_wpcf7_recaptcha_response\" value=\"\" \/>\n<\/fieldset>\n<div class=\"fieldset-cf7mls-wrapper\" data-transition-effects><fieldset class=\"fieldset-cf7mls cf7mls_current_fs\"><div class=\"uacf7-form-wrapper-container uacf7-form-74  \"><center><h2>\u00bfQu\u00e9 tipo de instalaci\u00f3n necesitas?<\/h2>\n\n<span class=\"tipo\"><span class=\"wpcf7-form-control-wrap\" data-name=\"checkbox-552\"><span class=\"wpcf7-form-control wpcf7-checkbox wpcf7-validates-as-required wpcf7-exclusive-checkbox\"><span class=\"wpcf7-list-item first\"><label><input type=\"checkbox\" name=\"checkbox-552\" value=\"Vivienda unifamiliar\" \/><span class=\"wpcf7-list-item-label\">Vivienda unifamiliar<\/span><\/label><\/span><span class=\"wpcf7-list-item\"><label><input type=\"checkbox\" name=\"checkbox-552\" value=\"Comunidad de propietarios o piso\" \/><span class=\"wpcf7-list-item-label\">Comunidad de propietarios o piso<\/span><\/label><\/span><span class=\"wpcf7-list-item last\"><label><input type=\"checkbox\" name=\"checkbox-552\" value=\"Industrial\" \/><span class=\"wpcf7-list-item-label\">Industrial<\/span><\/label><\/span><\/span><\/span><\/span><\/center>\n\n<div class=\"cf7mls-btns \"><button type=\"button\" class=\"cf7mls_next cf7mls_btn action-button\" name=\"cf7mls_next\" id=\"cf7mls-next-btn-cf7mls_step-1\" style=\" \">Siguiente<img decoding=\"async\" src=\"https:\/\/somsol.es\/wp-content\/plugins\/cf7-multi-step\/assets\/frontend\/img\/loader.svg\" alt=\"Step Loading\" data-lazy-src=\"https:\/\/somsol.es\/wp-content\/plugins\/cf7-multi-step\/assets\/frontend\/img\/loader.svg\" style=\"display: none;\" \/><\/button><\/div><p><\/p><\/fieldset><fieldset class=\"fieldset-cf7mls\"><center><h2>\u00bfEn qu\u00e9 servicio est\u00e1s interesado?<\/h2>\n\n<span class=\"interes\"><span class=\"wpcf7-form-control-wrap\" data-name=\"checkbox-581\"><span class=\"wpcf7-form-control wpcf7-checkbox\"><span class=\"wpcf7-list-item first\"><label><input type=\"checkbox\" name=\"checkbox-581[]\" value=\"Autoconsumo solar\" \/><span class=\"wpcf7-list-item-label\">Autoconsumo solar<\/span><\/label><\/span><span class=\"wpcf7-list-item\"><label><input type=\"checkbox\" name=\"checkbox-581[]\" value=\"Cargador coche el\u00e9ctrico\" \/><span class=\"wpcf7-list-item-label\">Cargador coche el\u00e9ctrico<\/span><\/label><\/span><span class=\"wpcf7-list-item\"><label><input type=\"checkbox\" name=\"checkbox-581[]\" value=\"Aerotermia\" \/><span class=\"wpcf7-list-item-label\">Aerotermia<\/span><\/label><\/span><span class=\"wpcf7-list-item last\"><label><input type=\"checkbox\" name=\"checkbox-581[]\" value=\"Dom\u00f3tica\" \/><span class=\"wpcf7-list-item-label\">Dom\u00f3tica<\/span><\/label><\/span><\/span><\/span><\/span><\/center><div class=\"cf7mls-btns \"><button type=\"button\" class=\"cf7mls_back action-button\" name=\"cf7mls_back\" id=\"cf7mls-back-btn-cf7mls_step-2\" style=\" \">Paso anterior<\/button><button type=\"button\" class=\"cf7mls_next cf7mls_btn action-button\" name=\"cf7mls_next\" id=\"cf7mls-next-btn-cf7mls_step-2\" style=\" \">Siguiente<img decoding=\"async\" src=\"https:\/\/somsol.es\/wp-content\/plugins\/cf7-multi-step\/assets\/frontend\/img\/loader.svg\" alt=\"Step Loading\" data-lazy-src=\"https:\/\/somsol.es\/wp-content\/plugins\/cf7-multi-step\/assets\/frontend\/img\/loader.svg\" style=\"display: none;\" \/><\/button><\/div><p><\/p><\/fieldset><fieldset class=\"fieldset-cf7mls\"><center><h2>\u00bfD\u00f3nde te gustar\u00eda realizar tu instalaci\u00f3n?<\/h2>\n<p>Para poder darte un presupuesto m\u00e1s detallado que nos indiques una localizaci\u00f3n...<\/p><\/center>\n\n      \n        <div class=\"wpcf7-form-control-wrap-main gmautocomplete-571\">\n\t\t\t<span class=\"wpcf7-form-control-wrap\" data-name=\"gmautocomplete-571\">\n    <div id=\"gmautocomplete-571_autocomplete_wrapper\"><\/div>\n    <input \n        size=\"40\" class=\"wpcf7-form-control wpcf7-gmautocomplete wpcf7-validates-as-required gmautocomplete\" aria-required=\"true\" aria-invalid=\"false\" placeholder=\"Enter a location\" type=\"text\" name=\"gmautocomplete-571\"        style=\"position:absolute;opacity:0;pointer-events:none;height:0;width:0;border:0;padding:0;\"\n        autocomplete=\"off\"\n    \/>\n    <\/span>\n\n\t\t\t\n\t\t\t\n\t\t\t\n\t\t\t\n\t\t\t\n\t\t\t\t\t<\/div>\n\n        <div class=\"cf7mls-btns \"><button type=\"button\" class=\"cf7mls_back action-button\" name=\"cf7mls_back\" id=\"cf7mls-back-btn-cf7mls_step-3\" style=\" \">Paso anterior<\/button><button type=\"button\" class=\"cf7mls_next cf7mls_btn action-button\" name=\"cf7mls_next\" id=\"cf7mls-next-btn-cf7mls_step-3\" style=\" \">Siguiente<img decoding=\"async\" src=\"https:\/\/somsol.es\/wp-content\/plugins\/cf7-multi-step\/assets\/frontend\/img\/loader.svg\" alt=\"Step Loading\" data-lazy-src=\"https:\/\/somsol.es\/wp-content\/plugins\/cf7-multi-step\/assets\/frontend\/img\/loader.svg\" style=\"display: none;\" \/><\/button><\/div><p><\/p><\/fieldset><fieldset class=\"fieldset-cf7mls\"><center><h2>Est\u00e1s a un paso de ahorrar hasta un 90% en tu factura de la luz<\/h2>\n<p style=\"margin:0px\">Necesitamos tus datos de contacto para poder calcular tu ahorro y finalizar tu estudio personalizado GRATIS.<\/p><\/center>\n\nDinos tu nombre\n<span class=\"wpcf7-form-control-wrap\" data-name=\"nombre\"><input size=\"40\" maxlength=\"400\" class=\"wpcf7-form-control wpcf7-text wpcf7-validates-as-required\" aria-required=\"true\" aria-invalid=\"false\" value=\"\" type=\"text\" name=\"nombre\" \/><\/span>\n\nTel\u00e9fono de contacto\n<span class=\"wpcf7-form-control-wrap\" data-name=\"telefono\"><input size=\"40\" maxlength=\"400\" class=\"wpcf7-form-control wpcf7-tel wpcf7-validates-as-required wpcf7-text wpcf7-validates-as-tel\" aria-required=\"true\" aria-invalid=\"false\" value=\"\" type=\"tel\" name=\"telefono\" \/><\/span>\n\nCorreo electr\u00f3nico\n<span class=\"wpcf7-form-control-wrap\" data-name=\"correo\"><input size=\"40\" maxlength=\"400\" class=\"wpcf7-form-control wpcf7-email wpcf7-validates-as-required wpcf7-text wpcf7-validates-as-email\" aria-required=\"true\" aria-invalid=\"false\" value=\"\" type=\"email\" name=\"correo\" \/><\/span>\n\n<span class=\"wpcf7-form-control-wrap\" data-name=\"politicas\"><span class=\"wpcf7-form-control wpcf7-acceptance\"><span class=\"wpcf7-list-item\"><label><input type=\"checkbox\" name=\"politicas\" value=\"1\" aria-invalid=\"false\" \/><span class=\"wpcf7-list-item-label\">He le\u00eddo y acepto la pol\u00edtica de privacidad<\/span><\/label><\/span><\/span><\/span>\n<span class=\"wpcf7-form-control-wrap\" data-name=\"marketing\"><span class=\"wpcf7-form-control wpcf7-acceptance\"><span class=\"wpcf7-list-item\"><label><input type=\"checkbox\" name=\"marketing\" value=\"1\" aria-invalid=\"false\" \/><span class=\"wpcf7-list-item-label\">Deseo recibir informaci\u00f3n sobre otros productos y servicios comercializados por Somsol<\/span><\/label><\/span><\/span><\/span>\n\n<input class=\"wpcf7-form-control wpcf7-submit has-spinner\" type=\"submit\" value=\"Enviar\" \/><div class=\"cf7mls-btns cf7mls-btns-last-step\"><button type=\"button\" class=\"cf7mls_back action-button\" name=\"cf7mls_back\" id=\"cf7mls-back-btn-cf7mls_step-4\" style=\" \">Paso anterior<\/button><button type=\"button\" style=\"display: none;\" class=\"cf7mls_next cf7mls_btn action-button\" name=\"cf7mls_next\" id=\"cf7mls-next-btn-cf7mls_step-4\" style=\" \"><img decoding=\"async\" src=\"https:\/\/somsol.es\/wp-content\/plugins\/cf7-multi-step\/assets\/frontend\/img\/loader.svg\" alt=\"Step Loading\" data-lazy-src=\"https:\/\/somsol.es\/wp-content\/plugins\/cf7-multi-step\/assets\/frontend\/img\/loader.svg\" style=\"display: none;\" \/><\/button><\/div><\/fieldset><\/div><div class=\"wpcf7-response-output\" aria-hidden=\"true\"><\/div>\n<\/form>\n<\/div>\n\n<\/div><\/div>\n","protected":false},"excerpt":{"rendered":"<p>\u00a1\u00danete a la revoluci\u00f3n energ\u00e9tica con Somsol!<\/p>\n","protected":false},"author":1,"featured_media":0,"parent":664,"menu_order":0,"comment_status":"closed","ping_status":"closed","template":"","meta":{"_eb_attr":"","_uag_custom_page_level_css":"","site-sidebar-layout":"default","site-content-layout":"","ast-site-content-layout":"","site-content-style":"default","site-sidebar-style":"default","ast-global-header-display":"","ast-banner-title-visibility":"","ast-main-header-display":"","ast-hfb-above-header-display":"","ast-hfb-below-header-display":"","ast-hfb-mobile-header-display":"","site-post-title":"","ast-breadcrumbs-content":"","ast-featured-img":"","footer-sml-layout":"","theme-transparent-header-meta":"","adv-header-id-meta":"","stick-header-meta":"","header-above-stick-meta":"","header-main-stick-meta":"","header-below-stick-meta":"","astra-migrate-meta-layouts":"default","ast-page-background-enabled":"default","ast-page-background-meta":{"desktop":{"background-color":"var(--ast-global-color-4)","background-image":"","background-repeat":"repeat","background-position":"center center","background-size":"auto","background-attachment":"scroll","background-type":"","background-media":"","overlay-type":"","overlay-color":"","overlay-opacity":"","overlay-gradient":""},"tablet":{"background-color":"","background-image":"","background-repeat":"repeat","background-position":"center center","background-size":"auto","background-attachment":"scroll","background-type":"","background-media":"","overlay-type":"","overlay-color":"","overlay-opacity":"","overlay-gradient":""},"mobile":{"background-color":"","background-image":"","background-repeat":"repeat","background-position":"center center","background-size":"auto","background-attachment":"scroll","background-type":"","background-media":"","overlay-type":"","overlay-color":"","overlay-opacity":"","overlay-gradient":""}},"ast-content-background-meta":{"desktop":{"background-color":"var(--ast-global-color-5)","background-image":"","background-repeat":"repeat","background-position":"center center","background-size":"auto","background-attachment":"scroll","background-type":"","background-media":"","overlay-type":"","overlay-color":"","overlay-opacity":"","overlay-gradient":""},"tablet":{"background-color":"var(--ast-global-color-5)","background-image":"","background-repeat":"repeat","background-position":"center center","background-size":"auto","background-attachment":"scroll","background-type":"","background-media":"","overlay-type":"","overlay-color":"","overlay-opacity":"","overlay-gradient":""},"mobile":{"background-color":"var(--ast-global-color-5)","background-image":"","background-repeat":"repeat","background-position":"center center","background-size":"auto","background-attachment":"scroll","background-type":"","background-media":"","overlay-type":"","overlay-color":"","overlay-opacity":"","overlay-gradient":""}},"footnotes":""},"class_list":["post-217","page","type-page","status-publish","hentry"],"uagb_featured_image_src":{"full":false,"thumbnail":false,"medium":false,"medium_large":false,"large":false,"1536x1536":false,"2048x2048":false},"uagb_author_info":{"display_name":"rubenfh","author_link":"https:\/\/somsol.es\/es\/author\/rubenfh\/"},"uagb_comment_info":0,"uagb_excerpt":"\u00a1\u00danete a la revoluci\u00f3n energ\u00e9tica con Somsol!","_links":{"self":[{"href":"https:\/\/somsol.es\/es\/wp-json\/wp\/v2\/pages\/217","targetHints":{"allow":["GET"]}}],"collection":[{"href":"https:\/\/somsol.es\/es\/wp-json\/wp\/v2\/pages"}],"about":[{"href":"https:\/\/somsol.es\/es\/wp-json\/wp\/v2\/types\/page"}],"author":[{"embeddable":true,"href":"https:\/\/somsol.es\/es\/wp-json\/wp\/v2\/users\/1"}],"replies":[{"embeddable":true,"href":"https:\/\/somsol.es\/es\/wp-json\/wp\/v2\/comments?post=217"}],"version-history":[{"count":6,"href":"https:\/\/somsol.es\/es\/wp-json\/wp\/v2\/pages\/217\/revisions"}],"predecessor-version":[{"id":1489,"href":"https:\/\/somsol.es\/es\/wp-json\/wp\/v2\/pages\/217\/revisions\/1489"}],"up":[{"embeddable":true,"href":"https:\/\/somsol.es\/es\/wp-json\/wp\/v2\/pages\/664"}],"wp:attachment":[{"href":"https:\/\/somsol.es\/es\/wp-json\/wp\/v2\/media?parent=217"}],"curies":[{"name":"wp","href":"https:\/\/api.w.org\/{rel}","templated":true}]}}