{"id":39,"date":"2023-09-20T11:50:51","date_gmt":"2023-09-20T09:50:51","guid":{"rendered":"https:\/\/blamark.com\/SOMSOL\/?page_id=39"},"modified":"2023-09-20T11:50:51","modified_gmt":"2023-09-20T09:50:51","slug":"instalaciones-solares-fotovoltaicas-para-comunidades-de-vecinos","status":"publish","type":"page","link":"https:\/\/somsol.es\/es\/servicios\/instalaciones-solares-fotovoltaicas-para-comunidades-de-vecinos\/","title":{"rendered":"Instalaciones Solares Fotovoltaicas para Comunidades de Vecinos"},"content":{"rendered":"\n<h4 class=\"wp-block-heading\"><strong>Fomenta la Energ\u00eda Verde en tu Comunidad con Nuestras Soluciones Solares Fotovoltaicas<\/strong><\/h4>\n\n\n\n<p>En Somsol, ofrecemos <strong>instalaciones solares fotovoltaicas para comunidades de vecinos<\/strong> dise\u00f1adas para transformar tu comunidad en un basti\u00f3n de sostenibilidad y eficiencia energ\u00e9tica. Nuestras soluciones personalizadas son una inversi\u00f3n en el futuro, promoviendo la armon\u00eda entre los vecinos mientras reducen los costos energ\u00e9ticos y la dependencia de la red el\u00e9ctrica.<\/p>\n\n\n\n<ul class=\"wp-block-list\">\n<li><strong>Estudios de Viabilidad:<\/strong> Realizamos estudios de viabilidad para determinar el mejor dise\u00f1o de sistema solar, garantizando que tu comunidad pueda beneficiarse al m\u00e1ximo de la energ\u00eda solar.<\/li>\n\n\n\n<li><strong>Gesti\u00f3n de Proyectos:<\/strong> Desde el inicio hasta la finalizaci\u00f3n, manejamos todos los aspectos del proyecto, asegurando una instalaci\u00f3n fluida y profesional.<\/li>\n\n\n\n<li><strong>Mantenimiento Continuo:<\/strong> Ofrecemos programas de mantenimiento para asegurar que el sistema solar funcione de manera \u00f3ptima, garantizando una larga vida \u00fatil y un rendimiento constante.<\/li>\n<\/ul>\n\n\n\n<p><strong>\u00danete a la revoluci\u00f3n energ\u00e9tica<\/strong> y lleva a tu comunidad un paso m\u00e1s cerca de un futuro m\u00e1s verde. Contacta a Somsol hoy para comenzar tu viaje hacia la energ\u00eda solar comunitaria.<\/p>\n","protected":false},"excerpt":{"rendered":"<p>Fomenta la Energ\u00eda Verde en tu Comunidad con Nuestras Soluciones Solares Fotovoltaicas En Somsol, ofrecemos instalaciones solares fotovoltaicas para comunidades de vecinos dise\u00f1adas para transformar tu comunidad en un basti\u00f3n de sostenibilidad y eficiencia energ\u00e9tica. Nuestras soluciones personalizadas son una inversi\u00f3n en el futuro, promoviendo la armon\u00eda entre los vecinos mientras reducen los costos energ\u00e9ticos [&hellip;]<\/p>\n","protected":false},"author":1,"featured_media":0,"parent":36,"menu_order":0,"comment_status":"closed","ping_status":"closed","template":"","meta":{"_eb_attr":"","_uag_custom_page_level_css":"","site-sidebar-layout":"default","site-content-layout":"","ast-site-content-layout":"","site-content-style":"default","site-sidebar-style":"default","ast-global-header-display":"","ast-banner-title-visibility":"","ast-main-header-display":"","ast-hfb-above-header-display":"","ast-hfb-below-header-display":"","ast-hfb-mobile-header-display":"","site-post-title":"","ast-breadcrumbs-content":"","ast-featured-img":"","footer-sml-layout":"","theme-transparent-header-meta":"","adv-header-id-meta":"","stick-header-meta":"","header-above-stick-meta":"","header-main-stick-meta":"","header-below-stick-meta":"","astra-migrate-meta-layouts":"default","ast-page-background-enabled":"default","ast-page-background-meta":{"desktop":{"background-color":"var(--ast-global-color-4)","background-image":"","background-repeat":"repeat","background-position":"center center","background-size":"auto","background-attachment":"scroll","background-type":"","background-media":"","overlay-type":"","overlay-color":"","overlay-opacity":"","overlay-gradient":""},"tablet":{"background-color":"","background-image":"","background-repeat":"repeat","background-position":"center center","background-size":"auto","background-attachment":"scroll","background-type":"","background-media":"","overlay-type":"","overlay-color":"","overlay-opacity":"","overlay-gradient":""},"mobile":{"background-color":"","background-image":"","background-repeat":"repeat","background-position":"center center","background-size":"auto","background-attachment":"scroll","background-type":"","background-media":"","overlay-type":"","overlay-color":"","overlay-opacity":"","overlay-gradient":""}},"ast-content-background-meta":{"desktop":{"background-color":"var(--ast-global-color-5)","background-image":"","background-repeat":"repeat","background-position":"center center","background-size":"auto","background-attachment":"scroll","background-type":"","background-media":"","overlay-type":"","overlay-color":"","overlay-opacity":"","overlay-gradient":""},"tablet":{"background-color":"var(--ast-global-color-5)","background-image":"","background-repeat":"repeat","background-position":"center center","background-size":"auto","background-attachment":"scroll","background-type":"","background-media":"","overlay-type":"","overlay-color":"","overlay-opacity":"","overlay-gradient":""},"mobile":{"background-color":"var(--ast-global-color-5)","background-image":"","background-repeat":"repeat","background-position":"center center","background-size":"auto","background-attachment":"scroll","background-type":"","background-media":"","overlay-type":"","overlay-color":"","overlay-opacity":"","overlay-gradient":""}},"footnotes":""},"class_list":["post-39","page","type-page","status-publish","hentry"],"uagb_featured_image_src":{"full":false,"thumbnail":false,"medium":false,"medium_large":false,"large":false,"1536x1536":false,"2048x2048":false},"uagb_author_info":{"display_name":"rubenfh","author_link":"https:\/\/somsol.es\/es\/author\/rubenfh\/"},"uagb_comment_info":0,"uagb_excerpt":"Fomenta la Energ\u00eda Verde en tu Comunidad con Nuestras Soluciones Solares Fotovoltaicas En Somsol, ofrecemos instalaciones solares fotovoltaicas para comunidades de vecinos dise\u00f1adas para transformar tu comunidad en un basti\u00f3n de sostenibilidad y eficiencia energ\u00e9tica. Nuestras soluciones personalizadas son una inversi\u00f3n en el futuro, promoviendo la armon\u00eda entre los vecinos mientras reducen los costos energ\u00e9ticos&hellip;","_links":{"self":[{"href":"https:\/\/somsol.es\/es\/wp-json\/wp\/v2\/pages\/39","targetHints":{"allow":["GET"]}}],"collection":[{"href":"https:\/\/somsol.es\/es\/wp-json\/wp\/v2\/pages"}],"about":[{"href":"https:\/\/somsol.es\/es\/wp-json\/wp\/v2\/types\/page"}],"author":[{"embeddable":true,"href":"https:\/\/somsol.es\/es\/wp-json\/wp\/v2\/users\/1"}],"replies":[{"embeddable":true,"href":"https:\/\/somsol.es\/es\/wp-json\/wp\/v2\/comments?post=39"}],"version-history":[{"count":1,"href":"https:\/\/somsol.es\/es\/wp-json\/wp\/v2\/pages\/39\/revisions"}],"predecessor-version":[{"id":44,"href":"https:\/\/somsol.es\/es\/wp-json\/wp\/v2\/pages\/39\/revisions\/44"}],"up":[{"embeddable":true,"href":"https:\/\/somsol.es\/es\/wp-json\/wp\/v2\/pages\/36"}],"wp:attachment":[{"href":"https:\/\/somsol.es\/es\/wp-json\/wp\/v2\/media?parent=39"}],"curies":[{"name":"wp","href":"https:\/\/api.w.org\/{rel}","templated":true}]}}