{"id":666,"date":"2024-01-25T11:40:53","date_gmt":"2024-01-25T10:40:53","guid":{"rendered":"https:\/\/blamark.com\/SOMSOL\/?page_id=666"},"modified":"2024-02-13T09:15:34","modified_gmt":"2024-02-13T08:15:34","slug":"aisladas","status":"publish","type":"page","link":"https:\/\/somsol.es\/es\/instalaciones\/aisladas\/","title":{"rendered":"Aisladas"},"content":{"rendered":"\n<div class=\"wp-block-cover alignfull is-light grande\" style=\"margin-top:0;padding-top:5vw;padding-right:5vw;padding-bottom:5vw;padding-left:5vw;min-height:882px;aspect-ratio:unset;\"><span aria-hidden=\"true\" class=\"wp-block-cover__background has-ast-global-color-2-background-color has-background-dim\"><\/span><video class=\"wp-block-cover__video-background intrinsic-ignore\" autoplay muted loop playsinline src=\"https:\/\/blamark.com\/SOMSOL\/wp-content\/uploads\/2024\/01\/production_id_4917405-1080p-Compressed-with-FlexClip.mp4\" data-object-fit=\"cover\"><\/video><div class=\"wp-block-cover__inner-container is-layout-flow wp-block-cover-is-layout-flow\">\n<div class=\"wp-block-group is-layout-flex wp-container-core-group-is-layout-e4aad5c3 wp-block-group-is-layout-flex\">\n<div class=\"wp-block-group wp-container-content-9cfa9a5a is-layout-flow wp-container-core-group-is-layout-d6743c7d wp-block-group-is-layout-flow\">\n<h2 class=\"wp-block-heading has-text-align-left has-text-color\" style=\"color:#f9b233;font-size:148px\"><strong><strong>Energ\u00eda Aut\u00f3noma <\/strong><\/strong><\/h2>\n\n\n\n<h2 class=\"wp-block-heading has-text-align-left has-text-color\" style=\"color:#009640;font-size:148px\"><strong><strong><strong><strong><strong>y Sostenible<\/strong><\/strong><\/strong><\/strong><\/strong><\/h2>\n<\/div>\n<\/div>\n<\/div><\/div>\n\n\n\n<div class=\"wp-block-cover alignfull videobloque\"><span aria-hidden=\"true\" class=\"wp-block-cover__background has-background-dim-100 has-background-dim has-background-gradient\" style=\"background:linear-gradient(135deg,rgb(249,178,51) 0%,rgb(0,150,64) 100%)\"><\/span><div class=\"wp-block-cover__inner-container is-layout-constrained wp-block-cover-is-layout-constrained\">\n<p class=\"has-text-align-center\" style=\"font-size:25px;font-style:normal;font-weight:600\">Una instalaci\u00f3n fotovoltaica aislada es un sistema de generaci\u00f3n de energ\u00eda solar dise\u00f1ado para funcionar de manera independiente y aut\u00f3noma, sin necesidad de estar conectado a la red el\u00e9ctrica convencional. Este tipo de instalaci\u00f3n se destaca por su capacidad para abastecer de energ\u00eda a ubicaciones remotas o a aquellos lugares donde la conexi\u00f3n a la red el\u00e9ctrica resulta costosa o poco pr\u00e1ctica.<\/p>\n<\/div><\/div>\n\n\n\n<div data-aos= \"fade-left\" data-aos-duration=\"400\" data-aos-delay=\"0\" data-aos-easing=\"ease\" data-aos-once=\"true\" class=\"wp-block-uagb-advanced-heading uagb-block-d6829ed0 degradado\"><h2 class=\"uagb-heading-text\"><strong>Componentes clave:<\/strong><\/h2><\/div>\n\n\n\n<div class=\"wp-block-cover alignfull\"><span aria-hidden=\"true\" class=\"wp-block-cover__background has-ast-global-color-1-background-color has-background-dim\"><\/span><img loading=\"lazy\" decoding=\"async\" width=\"1920\" height=\"1080\" class=\"wp-block-cover__image-background wp-image-595\" alt=\"\" src=\"https:\/\/blamark.com\/SOMSOL\/wp-content\/uploads\/2024\/01\/placasSOLARES_268.jpg\" data-object-fit=\"cover\" srcset=\"https:\/\/somsol.es\/wp-content\/uploads\/2024\/01\/placasSOLARES_268.jpg 1920w, https:\/\/somsol.es\/wp-content\/uploads\/2024\/01\/placasSOLARES_268-300x169.jpg 300w, https:\/\/somsol.es\/wp-content\/uploads\/2024\/01\/placasSOLARES_268-1024x576.jpg 1024w, https:\/\/somsol.es\/wp-content\/uploads\/2024\/01\/placasSOLARES_268-768x432.jpg 768w, https:\/\/somsol.es\/wp-content\/uploads\/2024\/01\/placasSOLARES_268-1536x864.jpg 1536w\" sizes=\"auto, (max-width: 1920px) 100vw, 1920px\" \/><div class=\"wp-block-cover__inner-container is-layout-constrained wp-block-cover-is-layout-constrained\">\n<div class=\"wp-block-columns is-layout-flex wp-container-core-columns-is-layout-28f84493 wp-block-columns-is-layout-flex\">\n<div class=\"wp-block-column is-layout-flow wp-block-column-is-layout-flow\">\n<h2 class=\"wp-block-heading\" style=\"font-size:25px\"><strong>Paneles Solares Fotovoltaicos<\/strong><\/h2>\n\n\n\n<p class=\"has-medium-font-size\">Capturan la radiaci\u00f3n solar y la convierten en electricidad.<\/p>\n<\/div>\n\n\n\n<div class=\"wp-block-column is-layout-flow wp-block-column-is-layout-flow\">\n<h2 class=\"wp-block-heading\" style=\"font-size:25px\"><strong>Bater\u00edas de Almacenamiento<\/strong><\/h2>\n\n\n\n<p class=\"has-medium-font-size\">Almacenan la energ\u00eda generada para su uso durante periodos sin luz solar.<\/p>\n<\/div>\n\n\n\n<div class=\"wp-block-column is-layout-flow wp-block-column-is-layout-flow\">\n<h2 class=\"wp-block-heading\" style=\"font-size:25px\"><strong>Inversores<\/strong><\/h2>\n\n\n\n<p class=\"has-medium-font-size\">Transforman la energ\u00eda almacenada en corriente continua a corriente alterna, lista para su consumo.<\/p>\n<\/div>\n\n\n\n<div class=\"wp-block-column is-layout-flow wp-block-column-is-layout-flow\">\n<h2 class=\"wp-block-heading\" style=\"font-size:25px\"><strong>Controladores de Carga<\/strong><\/h2>\n\n\n\n<p class=\"has-medium-font-size\">Regulan la carga de las bater\u00edas para maximizar su vida \u00fatil.<\/p>\n<\/div>\n<\/div>\n<\/div><\/div>\n\n\n\n<div data-aos= \"fade-left\" data-aos-duration=\"400\" data-aos-delay=\"0\" data-aos-easing=\"ease\" data-aos-once=\"true\" class=\"wp-block-uagb-advanced-heading uagb-block-e7edfc53 degradado\"><h2 class=\"uagb-heading-text\"><strong>Ventajas principales:<\/strong><\/h2><\/div>\n\n\n\n<div class=\"wp-block-cover alignfull\"><span aria-hidden=\"true\" class=\"wp-block-cover__background has-ast-global-color-0-background-color has-background-dim\"><\/span><img loading=\"lazy\" decoding=\"async\" width=\"1920\" height=\"1080\" class=\"wp-block-cover__image-background wp-image-595\" alt=\"\" src=\"https:\/\/blamark.com\/SOMSOL\/wp-content\/uploads\/2024\/01\/placasSOLARES_268.jpg\" data-object-fit=\"cover\" srcset=\"https:\/\/somsol.es\/wp-content\/uploads\/2024\/01\/placasSOLARES_268.jpg 1920w, https:\/\/somsol.es\/wp-content\/uploads\/2024\/01\/placasSOLARES_268-300x169.jpg 300w, https:\/\/somsol.es\/wp-content\/uploads\/2024\/01\/placasSOLARES_268-1024x576.jpg 1024w, https:\/\/somsol.es\/wp-content\/uploads\/2024\/01\/placasSOLARES_268-768x432.jpg 768w, https:\/\/somsol.es\/wp-content\/uploads\/2024\/01\/placasSOLARES_268-1536x864.jpg 1536w\" sizes=\"auto, (max-width: 1920px) 100vw, 1920px\" \/><div class=\"wp-block-cover__inner-container is-layout-constrained wp-block-cover-is-layout-constrained\">\n<div class=\"wp-block-columns is-layout-flex wp-container-core-columns-is-layout-28f84493 wp-block-columns-is-layout-flex\">\n<div class=\"wp-block-column is-layout-flow wp-block-column-is-layout-flow\">\n<h2 class=\"wp-block-heading\" style=\"font-size:25px\"><strong>Autosuficiencia Energ\u00e9tica<\/strong><\/h2>\n\n\n\n<p class=\"has-medium-font-size\">Permite aislarse de la red el\u00e9ctrica convencional, proporcionando independencia y autonom\u00eda.<\/p>\n<\/div>\n\n\n\n<div class=\"wp-block-column is-layout-flow wp-block-column-is-layout-flow\">\n<h2 class=\"wp-block-heading\" style=\"font-size:25px\"><strong>Sostenibilidad<\/strong><\/h2>\n\n\n\n<p class=\"has-medium-font-size\">Utiliza una fuente de energ\u00eda limpia y renovable, reduciendo la dependencia de combustibles f\u00f3siles.<\/p>\n<\/div>\n\n\n\n<div class=\"wp-block-column is-layout-flow wp-block-column-is-layout-flow\">\n<h2 class=\"wp-block-heading\" style=\"font-size:25px\"><strong>Acceso en Lugares Remotos<\/strong><\/h2>\n\n\n\n<p class=\"has-medium-font-size\">Ideal para ubicaciones sin acceso a la red el\u00e9ctrica, como caba\u00f1as, refugios, o zonas rurales.<\/p>\n<\/div>\n<\/div>\n<\/div><\/div>\n\n\n\n<div data-aos= \"fade-left\" data-aos-duration=\"400\" data-aos-delay=\"0\" data-aos-easing=\"ease\" data-aos-once=\"true\" class=\"wp-block-uagb-advanced-heading uagb-block-86029776 degradado\"><h2 class=\"uagb-heading-text\"><strong>Aplicaciones comunes:<\/strong><\/h2><\/div>\n\n\n\n<div class=\"wp-block-cover alignfull\"><span aria-hidden=\"true\" class=\"wp-block-cover__background has-ast-global-color-1-background-color has-background-dim\"><\/span><img loading=\"lazy\" decoding=\"async\" width=\"1920\" height=\"1080\" class=\"wp-block-cover__image-background wp-image-595\" alt=\"\" src=\"https:\/\/blamark.com\/SOMSOL\/wp-content\/uploads\/2024\/01\/placasSOLARES_268.jpg\" data-object-fit=\"cover\" srcset=\"https:\/\/somsol.es\/wp-content\/uploads\/2024\/01\/placasSOLARES_268.jpg 1920w, https:\/\/somsol.es\/wp-content\/uploads\/2024\/01\/placasSOLARES_268-300x169.jpg 300w, https:\/\/somsol.es\/wp-content\/uploads\/2024\/01\/placasSOLARES_268-1024x576.jpg 1024w, https:\/\/somsol.es\/wp-content\/uploads\/2024\/01\/placasSOLARES_268-768x432.jpg 768w, https:\/\/somsol.es\/wp-content\/uploads\/2024\/01\/placasSOLARES_268-1536x864.jpg 1536w\" sizes=\"auto, (max-width: 1920px) 100vw, 1920px\" \/><div class=\"wp-block-cover__inner-container is-layout-constrained wp-block-cover-is-layout-constrained\">\n<div class=\"wp-block-columns is-layout-flex wp-container-core-columns-is-layout-28f84493 wp-block-columns-is-layout-flex\">\n<div class=\"wp-block-column is-layout-flow wp-block-column-is-layout-flow\">\n<h2 class=\"wp-block-heading\" style=\"font-size:25px\"><strong>Residencias Aisladas<\/strong><\/h2>\n\n\n\n<p class=\"has-medium-font-size\">Ofrece energ\u00eda para hogares en \u00e1reas remotas, sin depender de la<br>infraestructura el\u00e9ctrica tradicional.<\/p>\n<\/div>\n\n\n\n<div class=\"wp-block-column is-layout-flow wp-block-column-is-layout-flow\">\n<h2 class=\"wp-block-heading\" style=\"font-size:25px\"><strong>Estaciones Meteorol\u00f3gicas<\/strong><\/h2>\n\n\n\n<p class=\"has-medium-font-size\">Proporciona energ\u00eda constante para equipos y sensores en lugares<br>de dif\u00edcil acceso.<\/p>\n<\/div>\n\n\n\n<div class=\"wp-block-column is-layout-flow wp-block-column-is-layout-flow\">\n<h2 class=\"wp-block-heading\" style=\"font-size:25px\"><strong>Sistemas de Bombeo<\/strong><\/h2>\n\n\n\n<p class=\"has-medium-font-size\">Utilizado para proveer energ\u00eda a sistemas de riego o suministro de agua en \u00e1reas agr\u00edcolas remotas.<\/p>\n<\/div>\n<\/div>\n<\/div><\/div>\n\n\n\n<div data-aos= \"fade-left\" data-aos-duration=\"400\" data-aos-delay=\"0\" data-aos-easing=\"ease\" data-aos-once=\"true\" class=\"wp-block-uagb-advanced-heading uagb-block-22364139 degradado\"><h2 class=\"uagb-heading-text\"><strong>Consideraciones Importantes:<\/strong><\/h2><\/div>\n\n\n\n<div class=\"wp-block-cover alignfull\"><span aria-hidden=\"true\" class=\"wp-block-cover__background has-ast-global-color-0-background-color has-background-dim\"><\/span><img loading=\"lazy\" decoding=\"async\" width=\"1920\" height=\"1080\" class=\"wp-block-cover__image-background wp-image-595\" alt=\"\" src=\"https:\/\/blamark.com\/SOMSOL\/wp-content\/uploads\/2024\/01\/placasSOLARES_268.jpg\" data-object-fit=\"cover\" srcset=\"https:\/\/somsol.es\/wp-content\/uploads\/2024\/01\/placasSOLARES_268.jpg 1920w, https:\/\/somsol.es\/wp-content\/uploads\/2024\/01\/placasSOLARES_268-300x169.jpg 300w, https:\/\/somsol.es\/wp-content\/uploads\/2024\/01\/placasSOLARES_268-1024x576.jpg 1024w, https:\/\/somsol.es\/wp-content\/uploads\/2024\/01\/placasSOLARES_268-768x432.jpg 768w, https:\/\/somsol.es\/wp-content\/uploads\/2024\/01\/placasSOLARES_268-1536x864.jpg 1536w\" sizes=\"auto, (max-width: 1920px) 100vw, 1920px\" \/><div class=\"wp-block-cover__inner-container is-layout-constrained wp-block-cover-is-layout-constrained\">\n<div class=\"wp-block-columns is-layout-flex wp-container-core-columns-is-layout-28f84493 wp-block-columns-is-layout-flex\">\n<div class=\"wp-block-column is-layout-flow wp-block-column-is-layout-flow\">\n<h2 class=\"wp-block-heading\" style=\"font-size:25px\"><strong>Dise\u00f1o Personalizado<\/strong><\/h2>\n\n\n\n<p class=\"has-medium-font-size\">Cada instalaci\u00f3n aislada se adapta a las necesidades espec\u00edficas de consumo y condiciones clim\u00e1ticas del lugar.<\/p>\n<\/div>\n\n\n\n<div class=\"wp-block-column is-layout-flow wp-block-column-is-layout-flow\">\n<h2 class=\"wp-block-heading\" style=\"font-size:25px\"><strong>Mantenimiento<\/strong><\/h2>\n\n\n\n<p class=\"has-medium-font-size\">Requiere un mantenimiento regular para garantizar el rendimiento \u00f3ptimo de los componentes.<\/p>\n<\/div>\n<\/div>\n<\/div><\/div>\n\n\n\n<div class=\"wp-block-cover alignfull videobloque\"><span aria-hidden=\"true\" class=\"wp-block-cover__background has-background-dim wp-block-cover__gradient-background has-background-gradient\" style=\"background:linear-gradient(135deg,rgb(238,195,0) 0%,rgb(23,152,41) 100%)\"><\/span><video class=\"wp-block-cover__video-background intrinsic-ignore\" autoplay muted loop playsinline src=\"https:\/\/blamark.com\/SOMSOL\/wp-content\/uploads\/2024\/01\/production_id_4917405-1080p-Compressed-with-FlexClip.mp4\" data-object-fit=\"cover\"><\/video><div class=\"wp-block-cover__inner-container is-layout-constrained wp-block-cover-is-layout-constrained\">\n<p class=\"has-text-align-center has-large-font-size\" style=\"font-style:normal;font-weight:600\">En resumen, una instalaci\u00f3n fotovoltaica aislada es la opci\u00f3n perfecta para aquellos que buscan una fuente de energ\u00eda sostenible y aut\u00f3noma, ofreciendo soluciones pr\u00e1cticas y eficientes en lugares donde la conexi\u00f3n a la red el\u00e9ctrica convencional no es viable.<\/p>\n<\/div><\/div>\n\n\n\n<div class=\"wp-block-cover alignfull presupuesto has-ast-global-color-2-color has-text-color has-link-color wp-elements-cefe650f15b1d6b60622ee11e17591da\"><span aria-hidden=\"true\" class=\"wp-block-cover__background has-ast-global-color-6-background-color has-background-dim-100 has-background-dim\"><\/span><div class=\"wp-block-cover__inner-container is-layout-constrained wp-block-cover-is-layout-constrained\">\n<div class=\"wpcf7 no-js\" id=\"wpcf7-f74-o1\" lang=\"es-ES\" dir=\"ltr\" data-wpcf7-id=\"74\">\n<div class=\"screen-reader-response\"><p role=\"status\" aria-live=\"polite\" aria-atomic=\"true\"><\/p> <ul><\/ul><\/div>\n<form action=\"\/es\/wp-json\/wp\/v2\/pages\/666#wpcf7-f74-o1\" method=\"post\" class=\"wpcf7-form init cf7mls-no-scroll cf7mls-no-moving-animation\" aria-label=\"Formulario de contacto\" novalidate=\"novalidate\" data-status=\"init\">\n<fieldset class=\"hidden-fields-container\"><input type=\"hidden\" name=\"_wpcf7\" value=\"74\" \/><input type=\"hidden\" name=\"_wpcf7_version\" value=\"6.1.5\" \/><input type=\"hidden\" name=\"_wpcf7_locale\" value=\"es_ES\" \/><input type=\"hidden\" name=\"_wpcf7_unit_tag\" value=\"wpcf7-f74-o1\" \/><input type=\"hidden\" name=\"_wpcf7_container_post\" value=\"0\" \/><input type=\"hidden\" name=\"_wpcf7_posted_data_hash\" value=\"\" \/><input type=\"hidden\" name=\"_wpcf7_recaptcha_response\" value=\"\" \/>\n<\/fieldset>\n<div class=\"fieldset-cf7mls-wrapper\" data-transition-effects><fieldset class=\"fieldset-cf7mls cf7mls_current_fs\"><div class=\"uacf7-form-wrapper-container uacf7-form-74  \"><center><h2>\u00bfQu\u00e9 tipo de instalaci\u00f3n necesitas?<\/h2>\n\n<span class=\"tipo\"><span class=\"wpcf7-form-control-wrap\" data-name=\"checkbox-552\"><span class=\"wpcf7-form-control wpcf7-checkbox wpcf7-validates-as-required wpcf7-exclusive-checkbox\"><span class=\"wpcf7-list-item first\"><label><input type=\"checkbox\" name=\"checkbox-552\" value=\"Vivienda unifamiliar\" \/><span class=\"wpcf7-list-item-label\">Vivienda unifamiliar<\/span><\/label><\/span><span class=\"wpcf7-list-item\"><label><input type=\"checkbox\" name=\"checkbox-552\" value=\"Comunidad de propietarios o piso\" \/><span class=\"wpcf7-list-item-label\">Comunidad de propietarios o piso<\/span><\/label><\/span><span class=\"wpcf7-list-item last\"><label><input type=\"checkbox\" name=\"checkbox-552\" value=\"Industrial\" \/><span class=\"wpcf7-list-item-label\">Industrial<\/span><\/label><\/span><\/span><\/span><\/span><\/center>\n\n<div class=\"cf7mls-btns \"><button type=\"button\" class=\"cf7mls_next cf7mls_btn action-button\" name=\"cf7mls_next\" id=\"cf7mls-next-btn-cf7mls_step-1\" style=\" \">Siguiente<img decoding=\"async\" src=\"https:\/\/somsol.es\/wp-content\/plugins\/cf7-multi-step\/assets\/frontend\/img\/loader.svg\" alt=\"Step Loading\" data-lazy-src=\"https:\/\/somsol.es\/wp-content\/plugins\/cf7-multi-step\/assets\/frontend\/img\/loader.svg\" style=\"display: none;\" \/><\/button><\/div><p><\/p><\/fieldset><fieldset class=\"fieldset-cf7mls\"><center><h2>\u00bfEn qu\u00e9 servicio est\u00e1s interesado?<\/h2>\n\n<span class=\"interes\"><span class=\"wpcf7-form-control-wrap\" data-name=\"checkbox-581\"><span class=\"wpcf7-form-control wpcf7-checkbox\"><span class=\"wpcf7-list-item first\"><label><input type=\"checkbox\" name=\"checkbox-581[]\" value=\"Autoconsumo solar\" \/><span class=\"wpcf7-list-item-label\">Autoconsumo solar<\/span><\/label><\/span><span class=\"wpcf7-list-item\"><label><input type=\"checkbox\" name=\"checkbox-581[]\" value=\"Cargador coche el\u00e9ctrico\" \/><span class=\"wpcf7-list-item-label\">Cargador coche el\u00e9ctrico<\/span><\/label><\/span><span class=\"wpcf7-list-item\"><label><input type=\"checkbox\" name=\"checkbox-581[]\" value=\"Aerotermia\" \/><span class=\"wpcf7-list-item-label\">Aerotermia<\/span><\/label><\/span><span class=\"wpcf7-list-item last\"><label><input type=\"checkbox\" name=\"checkbox-581[]\" value=\"Dom\u00f3tica\" \/><span class=\"wpcf7-list-item-label\">Dom\u00f3tica<\/span><\/label><\/span><\/span><\/span><\/span><\/center><div class=\"cf7mls-btns \"><button type=\"button\" class=\"cf7mls_back action-button\" name=\"cf7mls_back\" id=\"cf7mls-back-btn-cf7mls_step-2\" style=\" \">Paso anterior<\/button><button type=\"button\" class=\"cf7mls_next cf7mls_btn action-button\" name=\"cf7mls_next\" id=\"cf7mls-next-btn-cf7mls_step-2\" style=\" \">Siguiente<img decoding=\"async\" src=\"https:\/\/somsol.es\/wp-content\/plugins\/cf7-multi-step\/assets\/frontend\/img\/loader.svg\" alt=\"Step Loading\" data-lazy-src=\"https:\/\/somsol.es\/wp-content\/plugins\/cf7-multi-step\/assets\/frontend\/img\/loader.svg\" style=\"display: none;\" \/><\/button><\/div><p><\/p><\/fieldset><fieldset class=\"fieldset-cf7mls\"><center><h2>\u00bfD\u00f3nde te gustar\u00eda realizar tu instalaci\u00f3n?<\/h2>\n<p>Para poder darte un presupuesto m\u00e1s detallado que nos indiques una localizaci\u00f3n...<\/p><\/center>\n\n      \n        <div class=\"wpcf7-form-control-wrap-main gmautocomplete-571\">\n\t\t\t<span class=\"wpcf7-form-control-wrap\" data-name=\"gmautocomplete-571\">\n    <div id=\"gmautocomplete-571_autocomplete_wrapper\"><\/div>\n    <input \n        size=\"40\" class=\"wpcf7-form-control wpcf7-gmautocomplete wpcf7-validates-as-required gmautocomplete\" aria-required=\"true\" aria-invalid=\"false\" placeholder=\"Enter a location\" type=\"text\" name=\"gmautocomplete-571\"        style=\"position:absolute;opacity:0;pointer-events:none;height:0;width:0;border:0;padding:0;\"\n        autocomplete=\"off\"\n    \/>\n    <\/span>\n\n\t\t\t\n\t\t\t\n\t\t\t\n\t\t\t\n\t\t\t\n\t\t\t\t\t<\/div>\n\n        <div class=\"cf7mls-btns \"><button type=\"button\" class=\"cf7mls_back action-button\" name=\"cf7mls_back\" id=\"cf7mls-back-btn-cf7mls_step-3\" style=\" \">Paso anterior<\/button><button type=\"button\" class=\"cf7mls_next cf7mls_btn action-button\" name=\"cf7mls_next\" id=\"cf7mls-next-btn-cf7mls_step-3\" style=\" \">Siguiente<img decoding=\"async\" src=\"https:\/\/somsol.es\/wp-content\/plugins\/cf7-multi-step\/assets\/frontend\/img\/loader.svg\" alt=\"Step Loading\" data-lazy-src=\"https:\/\/somsol.es\/wp-content\/plugins\/cf7-multi-step\/assets\/frontend\/img\/loader.svg\" style=\"display: none;\" \/><\/button><\/div><p><\/p><\/fieldset><fieldset class=\"fieldset-cf7mls\"><center><h2>Est\u00e1s a un paso de ahorrar hasta un 90% en tu factura de la luz<\/h2>\n<p style=\"margin:0px\">Necesitamos tus datos de contacto para poder calcular tu ahorro y finalizar tu estudio personalizado GRATIS.<\/p><\/center>\n\nDinos tu nombre\n<span class=\"wpcf7-form-control-wrap\" data-name=\"nombre\"><input size=\"40\" maxlength=\"400\" class=\"wpcf7-form-control wpcf7-text wpcf7-validates-as-required\" aria-required=\"true\" aria-invalid=\"false\" value=\"\" type=\"text\" name=\"nombre\" \/><\/span>\n\nTel\u00e9fono de contacto\n<span class=\"wpcf7-form-control-wrap\" data-name=\"telefono\"><input size=\"40\" maxlength=\"400\" class=\"wpcf7-form-control wpcf7-tel wpcf7-validates-as-required wpcf7-text wpcf7-validates-as-tel\" aria-required=\"true\" aria-invalid=\"false\" value=\"\" type=\"tel\" name=\"telefono\" \/><\/span>\n\nCorreo electr\u00f3nico\n<span class=\"wpcf7-form-control-wrap\" data-name=\"correo\"><input size=\"40\" maxlength=\"400\" class=\"wpcf7-form-control wpcf7-email wpcf7-validates-as-required wpcf7-text wpcf7-validates-as-email\" aria-required=\"true\" aria-invalid=\"false\" value=\"\" type=\"email\" name=\"correo\" \/><\/span>\n\n<span class=\"wpcf7-form-control-wrap\" data-name=\"politicas\"><span class=\"wpcf7-form-control wpcf7-acceptance\"><span class=\"wpcf7-list-item\"><label><input type=\"checkbox\" name=\"politicas\" value=\"1\" aria-invalid=\"false\" \/><span class=\"wpcf7-list-item-label\">He le\u00eddo y acepto la pol\u00edtica de privacidad<\/span><\/label><\/span><\/span><\/span>\n<span class=\"wpcf7-form-control-wrap\" data-name=\"marketing\"><span class=\"wpcf7-form-control wpcf7-acceptance\"><span class=\"wpcf7-list-item\"><label><input type=\"checkbox\" name=\"marketing\" value=\"1\" aria-invalid=\"false\" \/><span class=\"wpcf7-list-item-label\">Deseo recibir informaci\u00f3n sobre otros productos y servicios comercializados por Somsol<\/span><\/label><\/span><\/span><\/span>\n\n<input class=\"wpcf7-form-control wpcf7-submit has-spinner\" type=\"submit\" value=\"Enviar\" \/><div class=\"cf7mls-btns cf7mls-btns-last-step\"><button type=\"button\" class=\"cf7mls_back action-button\" name=\"cf7mls_back\" id=\"cf7mls-back-btn-cf7mls_step-4\" style=\" \">Paso anterior<\/button><button type=\"button\" style=\"display: none;\" class=\"cf7mls_next cf7mls_btn action-button\" name=\"cf7mls_next\" id=\"cf7mls-next-btn-cf7mls_step-4\" style=\" \"><img decoding=\"async\" src=\"https:\/\/somsol.es\/wp-content\/plugins\/cf7-multi-step\/assets\/frontend\/img\/loader.svg\" alt=\"Step Loading\" data-lazy-src=\"https:\/\/somsol.es\/wp-content\/plugins\/cf7-multi-step\/assets\/frontend\/img\/loader.svg\" style=\"display: none;\" \/><\/button><\/div><\/fieldset><\/div><div class=\"wpcf7-response-output\" aria-hidden=\"true\"><\/div>\n<\/form>\n<\/div>\n\n<\/div><\/div>\n","protected":false},"excerpt":{"rendered":"<p>Componentes clave: Ventajas principales: Aplicaciones comunes: Consideraciones Importantes:<\/p>\n","protected":false},"author":1,"featured_media":0,"parent":664,"menu_order":0,"comment_status":"closed","ping_status":"closed","template":"","meta":{"_eb_attr":"","_uag_custom_page_level_css":"","site-sidebar-layout":"default","site-content-layout":"","ast-site-content-layout":"","site-content-style":"default","site-sidebar-style":"default","ast-global-header-display":"","ast-banner-title-visibility":"","ast-main-header-display":"","ast-hfb-above-header-display":"","ast-hfb-below-header-display":"","ast-hfb-mobile-header-display":"","site-post-title":"","ast-breadcrumbs-content":"","ast-featured-img":"","footer-sml-layout":"","theme-transparent-header-meta":"","adv-header-id-meta":"","stick-header-meta":"","header-above-stick-meta":"","header-main-stick-meta":"","header-below-stick-meta":"","astra-migrate-meta-layouts":"default","ast-page-background-enabled":"default","ast-page-background-meta":{"desktop":{"background-color":"var(--ast-global-color-4)","background-image":"","background-repeat":"repeat","background-position":"center center","background-size":"auto","background-attachment":"scroll","background-type":"","background-media":"","overlay-type":"","overlay-color":"","overlay-opacity":"","overlay-gradient":""},"tablet":{"background-color":"","background-image":"","background-repeat":"repeat","background-position":"center center","background-size":"auto","background-attachment":"scroll","background-type":"","background-media":"","overlay-type":"","overlay-color":"","overlay-opacity":"","overlay-gradient":""},"mobile":{"background-color":"","background-image":"","background-repeat":"repeat","background-position":"center center","background-size":"auto","background-attachment":"scroll","background-type":"","background-media":"","overlay-type":"","overlay-color":"","overlay-opacity":"","overlay-gradient":""}},"ast-content-background-meta":{"desktop":{"background-color":"var(--ast-global-color-5)","background-image":"","background-repeat":"repeat","background-position":"center center","background-size":"auto","background-attachment":"scroll","background-type":"","background-media":"","overlay-type":"","overlay-color":"","overlay-opacity":"","overlay-gradient":""},"tablet":{"background-color":"var(--ast-global-color-5)","background-image":"","background-repeat":"repeat","background-position":"center center","background-size":"auto","background-attachment":"scroll","background-type":"","background-media":"","overlay-type":"","overlay-color":"","overlay-opacity":"","overlay-gradient":""},"mobile":{"background-color":"var(--ast-global-color-5)","background-image":"","background-repeat":"repeat","background-position":"center center","background-size":"auto","background-attachment":"scroll","background-type":"","background-media":"","overlay-type":"","overlay-color":"","overlay-opacity":"","overlay-gradient":""}},"footnotes":""},"class_list":["post-666","page","type-page","status-publish","hentry"],"uagb_featured_image_src":{"full":false,"thumbnail":false,"medium":false,"medium_large":false,"large":false,"1536x1536":false,"2048x2048":false},"uagb_author_info":{"display_name":"rubenfh","author_link":"https:\/\/somsol.es\/es\/author\/rubenfh\/"},"uagb_comment_info":0,"uagb_excerpt":"Componentes clave: Ventajas principales: Aplicaciones comunes: Consideraciones Importantes:","_links":{"self":[{"href":"https:\/\/somsol.es\/es\/wp-json\/wp\/v2\/pages\/666","targetHints":{"allow":["GET"]}}],"collection":[{"href":"https:\/\/somsol.es\/es\/wp-json\/wp\/v2\/pages"}],"about":[{"href":"https:\/\/somsol.es\/es\/wp-json\/wp\/v2\/types\/page"}],"author":[{"embeddable":true,"href":"https:\/\/somsol.es\/es\/wp-json\/wp\/v2\/users\/1"}],"replies":[{"embeddable":true,"href":"https:\/\/somsol.es\/es\/wp-json\/wp\/v2\/comments?post=666"}],"version-history":[{"count":21,"href":"https:\/\/somsol.es\/es\/wp-json\/wp\/v2\/pages\/666\/revisions"}],"predecessor-version":[{"id":1484,"href":"https:\/\/somsol.es\/es\/wp-json\/wp\/v2\/pages\/666\/revisions\/1484"}],"up":[{"embeddable":true,"href":"https:\/\/somsol.es\/es\/wp-json\/wp\/v2\/pages\/664"}],"wp:attachment":[{"href":"https:\/\/somsol.es\/es\/wp-json\/wp\/v2\/media?parent=666"}],"curies":[{"name":"wp","href":"https:\/\/api.w.org\/{rel}","templated":true}]}}